{"id":754,"date":"2017-03-31T12:54:05","date_gmt":"2017-03-31T10:54:05","guid":{"rendered":"https:\/\/bigdatacentrum.eu\/?page_id=754\/"},"modified":"2017-06-07T13:18:04","modified_gmt":"2017-06-07T11:18:04","slug":"events2","status":"publish","type":"page","link":"https:\/\/bigdatacentrum.eu\/de\/events2\/","title":{"rendered":"Events2"},"content":{"rendered":"<\/div><\/div><\/div><!-- close content main div --><\/div><\/div><div id='av_section_1' class='avia-section main_color avia-section-no-padding avia-no-border-styling av-parallax-section avia-bg-style-parallax   av-minimum-height av-minimum-height-25 container_wrap sidebar_right'  data-section-bg-repeat='no-repeat' ><div class='av-parallax' data-avia-parallax-ratio='0.3' ><div class='av-parallax-inner main_color  avia-full-stretch' style = 'background-repeat: no-repeat; background-image: url(https:\/\/bigdatacentrum.eu\/wp-content\/uploads\/header_1-1500x430.jpg); background-attachment: scroll; background-position: top center; ' ><\/div><\/div><div class='container' ><div class='template-page content  av-content-small alpha units'><div class='post-entry post-entry-type-page post-entry-754'><div class='entry-content-wrapper clearfix'>\n<div style='padding-bottom:10px;color:#ffffff;font-size:55px;' class='av-special-heading av-special-heading-h2 custom-color-heading blockquote modern-quote modern-centered  av-inherit-size '><h2 class='av-special-heading-tag '  itemprop=\"headline\"  >Grundlagen der Datenanalyse<\/h2><div class ='av-subheading av-subheading_below av_custom_color ' style='font-size:15px;'><p>Seminar<\/p>\n<\/div><div class='special-heading-border'><div class='special-heading-inner-border' style='border-color:#ffffff'><\/div><\/div><\/div>\n<\/div><\/div><\/div><!-- close content main div --><\/div><\/div><div id='after_section_1' class='main_color av_default_container_wrap container_wrap sidebar_right'   ><div class='container' ><div class='template-page content  av-content-small alpha units'><div class='post-entry post-entry-type-page post-entry-754'><div class='entry-content-wrapper clearfix'>\n<\/div><\/div><\/div><!-- close content main div --><\/div><\/div><div class='clear'><\/div><div id='sub_menu1' class='av-submenu-container main_color  av-sticky-submenu container_wrap sidebar_right'   style='z-index:301'><div class='container av-menu-mobile-disabled '><ul id='av-custom-submenu-1' class='av-subnav-menu av-submenu-pos-center'>\n<li class='menu-item menu-item-top-level  menu-item-top-level-1'><a href='https:\/\/bigdatacentrum.eu\/de\/' ><span class='avia-bullet'><\/span><span class='avia-menu-text'>Home<\/span><\/a><\/li>\n<li class='menu-item menu-item-top-level  menu-item-top-level-2'><a href='https:\/\/bigdatacentrum.eu\/de\/#about' ><span class='avia-bullet'><\/span><span class='avia-menu-text'>Big Data<\/span><\/a><\/li>\n<li class='menu-item menu-item-top-level  menu-item-top-level-3'><a href='https:\/\/bigdatacentrum.eu\/de\/#conference' ><span class='avia-bullet'><\/span><span class='avia-menu-text'>Events<\/span><\/a><\/li>\n<li class='menu-item menu-item-top-level  menu-item-top-level-4'><a href='https:\/\/bigdatacentrum.eu\/de\/#contact' ><span class='avia-bullet'><\/span><span class='avia-menu-text'>Kontakt<\/span><\/a><\/li>\n<\/ul><\/div><\/div><div class='sticky_placeholder'><\/div>\n<\/div><\/div><\/div><!-- close content main div --><\/div><\/div><div id='av_section_2' class='avia-section main_color avia-section-default avia-no-border-styling avia-bg-style-scroll   container_wrap sidebar_right' style = 'background-repeat: no-repeat; background-image: url(https:\/\/bigdatacentrum.eu\/wp-content\/uploads\/logo_chobotnice-169x300.png); background-attachment: scroll; background-position: center right; ' data-section-bg-repeat='no-repeat' ><div class='container' ><div class='template-page content  av-content-small alpha units'><div class='post-entry post-entry-type-page post-entry-754'><div class='entry-content-wrapper clearfix'>\n<section class=\"av_textblock_section \"  itemscope=\"itemscope\" itemtype=\"https:\/\/schema.org\/CreativeWork\" ><div class='avia_textblock  '  style='font-size:20px; '  itemprop=\"text\" ><p>Excel-Listen enthalten nicht nur W\u00f6rter und Zahlen. Sie stecken oft voll von Informationen. Wie kommt man an diese heran? In unserem Seminar vermitteln wir Ihnen grundlegende statistische Methoden der Datenanalyse, mit denen sich Ihre Daten einfach interpretieren lassen.<\/p>\n<\/div><\/section>\n<div class=\"flex_column av_one_full  no_margin flex_column_div first  \" style='padding:0px 10% 0px 10% ; border-radius:0px; '><section class=\"av_textblock_section \"  itemscope=\"itemscope\" itemtype=\"https:\/\/schema.org\/CreativeWork\" ><div class='avia_textblock  '  style='font-size:16px; '  itemprop=\"text\" ><p><strong>Datum:<\/strong> Dienstag, 30.05.2017<\/p>\n<p><strong>Uhrzeit:<\/strong>\u00a09:00 &#8211; 16:00 Uhr<\/p>\n<p><strong>Ort:<\/strong> Technologiecampus Grafenau, Hauptstra\u00dfe 3, 94481 Grafenau<\/p>\n<\/div><\/section><\/div><div class=\"flex_column av_one_full  no_margin flex_column_div av-zero-column-padding first  \" style='border-radius:0px; '><p><section class=\"av_textblock_section \"  itemscope=\"itemscope\" itemtype=\"https:\/\/schema.org\/CreativeWork\" ><div class='avia_textblock  '  style='font-size:20px; '  itemprop=\"text\" ><p><strong>Beschreibung<\/strong><\/p>\n<\/div><\/section><br \/>\n<section class=\"av_textblock_section \"  itemscope=\"itemscope\" itemtype=\"https:\/\/schema.org\/CreativeWork\" ><div class='avia_textblock  '  style='font-size:16px; '  itemprop=\"text\" ><p>In unserem Seminar werden statistische Methoden vermittelt, die Ihnen als Grundlage f\u00fcr die Datenanalyse dienen. Ist der Mittelwert ein gutes Ma\u00df? Und kann man Ausrei\u00dfer getrost vernachl\u00e4ssigen? Wie lassen sich diese Zahlen in Informationen verwandeln? Wir geben Ihnen erste Werkzeuge an die Hand und helfen Ihnen dabei die richtigen Schl\u00fcsse zu ziehen. Sie bauen Datenanalyse-Know-how auf und vermeiden falsches methodisches Vorgehen und Fehlinterpretationen.<\/p>\n<p>Dieses kostenlose Angebot richtet sich vorwiegend an kleinere und mittlere Unternehmen der Regionen Ostbayern und S\u00fcdb\u00f6hmen. Bitte beachten Sie, dass wir nur eine begrenzte Menge an Pl\u00e4tzen zur Verf\u00fcgung stellen k\u00f6nnen. Anmeldung bis 22.05.2017 \u00fcber unser Formular.<\/p>\n<\/div><\/section><\/p><\/div><div class=\"flex_column av_one_full  no_margin flex_column_div av-zero-column-padding first  \" style='border-radius:0px; '><p><section class=\"av_textblock_section \"  itemscope=\"itemscope\" itemtype=\"https:\/\/schema.org\/CreativeWork\" ><div class='avia_textblock  '  style='font-size:20px; '  itemprop=\"text\" ><p><strong>Bericht<\/strong><\/p>\n<\/div><\/section><br \/>\n<div style='padding-bottom:10px;' class='av-special-heading av-special-heading-h1  blockquote modern-quote modern-centered  '><h1 class='av-special-heading-tag '  itemprop=\"headline\"  >Statistik to go<\/h1><div class ='av-subheading av-subheading_below  ' style='font-size:18px;'><p>Grundlagenseminar in Datenanalyse macht Lust auf mehr<\/p>\n<\/div><div class='special-heading-border'><div class='special-heading-inner-border' ><\/div><\/div><\/div><br \/>\n<section class=\"av_textblock_section \"  itemscope=\"itemscope\" itemtype=\"https:\/\/schema.org\/CreativeWork\" ><div class='avia_textblock  '  style='font-size:16px; '  itemprop=\"text\" ><p>Aller Anfang scheint bekanntlich schwer, deshalb begann das erste Datenanalyseseminar des Big Data Centrums am Dienstagvormittag zun\u00e4chst mit den Grundlagen der Statistik. Als die 25 Teilnehmer aus Unternehmen der Region trotz besten Wetters ihre Laptops auspackten und sich flei\u00dfig an die \u00dcbungsaufgaben machten, war schnell klar, dass eine Fortsetzung folgen soll.<\/p>\n<p>\u201eWir arbeiten ja eigentlich nicht mit Excel\u201c, gesteht Bernhard Bauer, Statistiker am Technologiecampus Grafenau und Dozent des Seminars. \u201eUm aber den KMU den Einstieg zu erleichtern und ein grundlegendes Verst\u00e4ndnis zu vermitteln, haben wir uns f\u00fcr ein allgemein gebr\u00e4uchliches Programm entschieden.\u201c Nach einf\u00fchrenden Anwendungsbeispielen wurde die Vorgehensweise anhand des \u201eCRISP-DM Modells\u201c, dem Cross-Industry Standard Process of Data Mining, Schritt f\u00fcr Schritt vorgestellt und an einem Datensatz einge\u00fcbt. Bernhard Bauer betonte wie wichtig das Gesch\u00e4fts- und Datenverst\u00e4ndnis sei und zeigte einige hilfreiche M\u00f6glichkeiten zur Visualisierung. Eine gute Datenvorbereitung sei oft schon die halbe Miete. Also nahmen die Teilnehmer die Testdaten gleich genau unter die Lupe und behoben erste Probleme. Immer wieder wechselte der Statistiker in das Tabellenkalkulationsprogramm, um gemeinsam mit den Kursbesuchern die Theorie sofort umzusetzen. Bei der Modellierung galt es die richtigen Methoden zu w\u00e4hlen und Zusammenh\u00e4nge zu erkennen. Sp\u00e4testens am Nachmittag als das lineare Regressionsmodell zur multiplen Regression erweitert wurde, kam der eine oder andere trotz Klimaanlage etwas ins Schwitzen.<\/p>\n<p>Die Teilnehmer zeigten gro\u00dfes Interesse am Thema und das Feedback fiel positiv aus. Das Team des Technologiecampus erhofft sich au\u00dferdem Anregungen, die in k\u00fcnftige Veranstaltungen einflie\u00dfen k\u00f6nnen, um sich optimal auf die Zielgruppe auszurichten. \u201eF\u00fcr uns ist es entscheidend zu wissen, was KMU der Region brauchen und wo sie stehen, damit wir sie genau dort abholen und das richtige Angebot schaffen k\u00f6nnen. Wichtig ist, dass die Teilnehmer das Know-how mitnehmen und in der Praxis anwenden k\u00f6nnen\u201c, erl\u00e4utert Magdalena Schindler, Organisatorin des Seminars. Auch f\u00fcr das zweite Halbjahr 2017 ist eine weitere Fortbildung geplant. Ob dann noch tiefer in die Datenanalyse vorgedrungen, ein komplexeres Programm vorgestellt oder ein verwandtes Thema aufgegriffen wird, ist derzeit noch offen. Von Prognose \u00fcber Cloud Computing bis hin zu Maschinellem Lernen bietet sich ein breites Spektrum an.<\/p>\n<p>Das Interreg-Projekt \u201eBig Data Centrum Ostbayern-S\u00fcdb\u00f6hmen\u201c wird von der Europ\u00e4ischen Union (Ziel ETZ 2014-2020) gef\u00f6rdert. Ansprechpartnerin am TC Grafenau ist Magdalena Schindler (<a href=\"mailto:Magdalena.Schindler@th-deg.de\">Magdalena.Schindler@th-deg.de<\/a>; Tel.: 08552 975699-64).<\/p>\n<\/div><\/section><br \/>\n<div id='av-masonry-1' class='av-masonry noHover av-flex-size av-no-gap av-hover-overlay-active av-masonry-col-flexible av-caption-always av-caption-style- av-masonry-gallery     '  ><div class='av-masonry-container isotope av-js-disabled ' ><div class='av-masonry-entry isotope-item av-masonry-item-no-image '><\/div><a href=\"https:\/\/bigdatacentrum.eu\/wp-content\/uploads\/Seminar_Teilnehmer-1030x773.jpg\" id='av-masonry-1-item-873' data-av-masonry-item='873' class='av-masonry-entry isotope-item post-873 attachment type-attachment status-inherit hentry  av-masonry-item-with-image' title=\"Seminarteilnehmer\"  itemprop=\"thumbnailUrl\" ><div class='av-inner-masonry-sizer'><\/div><figure class='av-inner-masonry main_color'><div class=\"av-masonry-outerimage-container\"><div class=\"av-masonry-image-container\" style=\"background-image: url(https:\/\/bigdatacentrum.eu\/wp-content\/uploads\/Seminar_Teilnehmer-705x529.jpg);\"><img decoding=\"async\" src=\"https:\/\/bigdatacentrum.eu\/wp-content\/uploads\/Seminar_Teilnehmer-705x529.jpg\" title=\"Seminar_Teilnehmer\" alt=\"\" \/><\/div><\/div><\/figure><\/a><!--end av-masonry entry--><a href=\"https:\/\/bigdatacentrum.eu\/wp-content\/uploads\/Seminaransicht_hinten-1030x773.jpg\" id='av-masonry-1-item-874' data-av-masonry-item='874' class='av-masonry-entry isotope-item post-874 attachment type-attachment status-inherit hentry  av-masonry-item-with-image' title=\"Seminar_hinten\"  itemprop=\"thumbnailUrl\" ><div class='av-inner-masonry-sizer'><\/div><figure class='av-inner-masonry main_color'><div class=\"av-masonry-outerimage-container\"><div class=\"av-masonry-image-container\" style=\"background-image: url(https:\/\/bigdatacentrum.eu\/wp-content\/uploads\/Seminaransicht_hinten-705x529.jpg);\"><img decoding=\"async\" src=\"https:\/\/bigdatacentrum.eu\/wp-content\/uploads\/Seminaransicht_hinten-705x529.jpg\" title=\"Seminaransicht_hinten\" alt=\"\" \/><\/div><\/div><\/figure><\/a><!--end av-masonry entry--><a href=\"https:\/\/bigdatacentrum.eu\/wp-content\/uploads\/Seminaransicht_vorne-1030x773.jpg\" id='av-masonry-1-item-875' data-av-masonry-item='875' class='av-masonry-entry isotope-item post-875 attachment type-attachment status-inherit hentry  av-masonry-item-with-image' title=\"Seminar_vorne\"  itemprop=\"thumbnailUrl\" ><div class='av-inner-masonry-sizer'><\/div><figure class='av-inner-masonry main_color'><div class=\"av-masonry-outerimage-container\"><div class=\"av-masonry-image-container\" style=\"background-image: url(https:\/\/bigdatacentrum.eu\/wp-content\/uploads\/Seminaransicht_vorne-705x529.jpg);\"><img decoding=\"async\" src=\"https:\/\/bigdatacentrum.eu\/wp-content\/uploads\/Seminaransicht_vorne-705x529.jpg\" title=\"Seminaransicht_vorne\" alt=\"\" \/><\/div><\/div><\/figure><\/a><!--end av-masonry entry--><\/div><\/div><\/p><\/div><\/div><\/div><\/div><!-- close content main div --><\/div><\/div><div id='after_section_2' class='main_color av_default_container_wrap container_wrap sidebar_right'   ><div class='container' ><div class='template-page content  av-content-small alpha units'><div class='post-entry post-entry-type-page post-entry-754'><div class='entry-content-wrapper clearfix'><div style='height:30px' class='hr hr-invisible  '><span class='hr-inner ' ><span class='hr-inner-style'><\/span><\/span><\/div><\/p>\n<\/div><\/div><\/div><!-- close content main div --><\/div><\/div><div id='av_section_3' class='avia-section main_color avia-section-no-padding avia-no-border-styling avia-bg-style-scroll   container_wrap sidebar_right'   ><div class='container' ><div class='template-page content  av-content-small alpha units'><div class='post-entry post-entry-type-page post-entry-754'><div class='entry-content-wrapper clearfix'>\n<div class=\"flex_column av_one_half  flex_column_div av-zero-column-padding first  \" style='border-radius:0px; '><div class='avia-image-container  av-styling-no-styling    avia-align-center '  itemscope=\"itemscope\" itemtype=\"https:\/\/schema.org\/ImageObject\"  ><div class='avia-image-container-inner'><a href='https:\/\/by-cz.eu' class='avia_image'   target=\"_blank\" ><img class='avia_image ' src='https:\/\/bigdatacentrum.eu\/wp-content\/uploads\/logo-programu-DE-barevn\u011b-300x71.jpg' alt='' title='Ziel ETZ'  itemprop=\"thumbnailUrl\"  \/><\/a><\/div><\/div><\/div><div class=\"flex_column av_one_half  flex_column_div av-zero-column-padding   \" style='border-radius:0px; '><div class='avia-image-container  av-styling-no-styling    avia-align-center '  itemscope=\"itemscope\" itemtype=\"https:\/\/schema.org\/ImageObject\"  ><div class='avia-image-container-inner'><a href='https:\/\/ec.europa.eu\/regional_policy\/de\/funding\/erdf\/' class='avia_image'   target=\"_blank\" ><img class='avia_image ' src='https:\/\/bigdatacentrum.eu\/wp-content\/uploads\/logo-UNIE-a-odkaz-na-ERDF-DE-barevn\u011b-300x81.jpg' alt='' title='EU'  itemprop=\"thumbnailUrl\"  \/><\/a><\/div><\/div><\/div>\n<\/div><\/div><\/div><!-- close content main div --><\/div><\/div><div id='after_section_3' class='main_color av_default_container_wrap container_wrap sidebar_right'   ><div class='container' ><div class='template-page content  av-content-small alpha units'><div class='post-entry post-entry-type-page post-entry-754'><div class='entry-content-wrapper clearfix'>\n<\/div><\/div><\/div><!-- close content main div --><\/div><\/div><div id='av_section_4' class='avia-section main_color avia-section-default avia-no-shadow avia-bg-style-scroll   container_wrap sidebar_right'   ><div class='container' ><div class='template-page content  av-content-small alpha units'><div class='post-entry post-entry-type-page post-entry-754'><div class='entry-content-wrapper clearfix'>\n<div class='avia-button-wrap avia-button-left '><a href='https:\/\/bigdatacentrum.eu\/de\/impressum\/' class='avia-button   avia-icon_select-no avia-color-grey avia-size-small avia-position-left '  target=\"_blank\"   ><span class='avia_iconbox_title' >Impressum<\/span><\/a><\/div>\n<\/div><\/div><\/div><!-- close content main div --><\/div><\/div><div id='after_section_4' class='main_color av_default_container_wrap container_wrap sidebar_right'   ><div class='container' ><div class='template-page content  av-content-small alpha units'><div class='post-entry post-entry-type-page post-entry-754'><div class='entry-content-wrapper clearfix'>\n","protected":false},"excerpt":{"rendered":"","protected":false},"author":3,"featured_media":0,"parent":0,"menu_order":0,"comment_status":"closed","ping_status":"closed","template":"","meta":{"footnotes":""},"class_list":["post-754","page","type-page","status-publish","hentry"],"yoast_head":"<!-- This site is optimized with the Yoast SEO plugin v27.1.1 - https:\/\/yoast.com\/product\/yoast-seo-wordpress\/ -->\n<title>Big Data Centrum | Events2<\/title>\n<meta name=\"robots\" content=\"index, follow, max-snippet:-1, max-image-preview:large, max-video-preview:-1\" \/>\n<link rel=\"canonical\" href=\"https:\/\/bigdatacentrum.eu\/de\/events2\/\" \/>\n<meta property=\"og:locale\" content=\"de_DE\" \/>\n<meta property=\"og:type\" content=\"article\" \/>\n<meta property=\"og:title\" content=\"Big Data Centrum | Events2\" \/>\n<meta property=\"og:url\" content=\"https:\/\/bigdatacentrum.eu\/de\/events2\/\" \/>\n<meta property=\"og:site_name\" content=\"Big Data Centrum\" \/>\n<meta property=\"article:modified_time\" content=\"2017-06-07T11:18:04+00:00\" \/>\n<meta name=\"twitter:card\" content=\"summary_large_image\" \/>\n<meta name=\"twitter:label1\" content=\"Gesch\u00e4tzte Lesezeit\" \/>\n\t<meta name=\"twitter:data1\" content=\"8\u00a0Minuten\" \/>\n<script type=\"application\/ld+json\" class=\"yoast-schema-graph\">{\"@context\":\"https:\/\/schema.org\",\"@graph\":[{\"@type\":\"WebPage\",\"@id\":\"https:\/\/bigdatacentrum.eu\/de\/events2\/\",\"url\":\"https:\/\/bigdatacentrum.eu\/de\/events2\/\",\"name\":\"Big Data Centrum | Events2\",\"isPartOf\":{\"@id\":\"https:\/\/bigdatacentrum.eu\/#website\"},\"datePublished\":\"2017-03-31T10:54:05+00:00\",\"dateModified\":\"2017-06-07T11:18:04+00:00\",\"breadcrumb\":{\"@id\":\"https:\/\/bigdatacentrum.eu\/de\/events2\/#breadcrumb\"},\"inLanguage\":\"de\",\"potentialAction\":[{\"@type\":\"ReadAction\",\"target\":[\"https:\/\/bigdatacentrum.eu\/de\/events2\/\"]}]},{\"@type\":\"BreadcrumbList\",\"@id\":\"https:\/\/bigdatacentrum.eu\/de\/events2\/#breadcrumb\",\"itemListElement\":[{\"@type\":\"ListItem\",\"position\":1,\"name\":\"Dom\u016f\",\"item\":\"https:\/\/bigdatacentrum.eu\/de\/\"},{\"@type\":\"ListItem\",\"position\":2,\"name\":\"Events2\"}]},{\"@type\":\"WebSite\",\"@id\":\"https:\/\/bigdatacentrum.eu\/#website\",\"url\":\"https:\/\/bigdatacentrum.eu\/\",\"name\":\"Big Data Centrum\",\"description\":\"\",\"potentialAction\":[{\"@type\":\"SearchAction\",\"target\":{\"@type\":\"EntryPoint\",\"urlTemplate\":\"https:\/\/bigdatacentrum.eu\/?s={search_term_string}\"},\"query-input\":{\"@type\":\"PropertyValueSpecification\",\"valueRequired\":true,\"valueName\":\"search_term_string\"}}],\"inLanguage\":\"de\"}]}<\/script>\n<!-- \/ Yoast SEO plugin. -->","yoast_head_json":{"title":"Big Data Centrum | Events2","robots":{"index":"index","follow":"follow","max-snippet":"max-snippet:-1","max-image-preview":"max-image-preview:large","max-video-preview":"max-video-preview:-1"},"canonical":"https:\/\/bigdatacentrum.eu\/de\/events2\/","og_locale":"de_DE","og_type":"article","og_title":"Big Data Centrum | Events2","og_url":"https:\/\/bigdatacentrum.eu\/de\/events2\/","og_site_name":"Big Data Centrum","article_modified_time":"2017-06-07T11:18:04+00:00","twitter_card":"summary_large_image","twitter_misc":{"Gesch\u00e4tzte Lesezeit":"8\u00a0Minuten"},"schema":{"@context":"https:\/\/schema.org","@graph":[{"@type":"WebPage","@id":"https:\/\/bigdatacentrum.eu\/de\/events2\/","url":"https:\/\/bigdatacentrum.eu\/de\/events2\/","name":"Big Data Centrum | Events2","isPartOf":{"@id":"https:\/\/bigdatacentrum.eu\/#website"},"datePublished":"2017-03-31T10:54:05+00:00","dateModified":"2017-06-07T11:18:04+00:00","breadcrumb":{"@id":"https:\/\/bigdatacentrum.eu\/de\/events2\/#breadcrumb"},"inLanguage":"de","potentialAction":[{"@type":"ReadAction","target":["https:\/\/bigdatacentrum.eu\/de\/events2\/"]}]},{"@type":"BreadcrumbList","@id":"https:\/\/bigdatacentrum.eu\/de\/events2\/#breadcrumb","itemListElement":[{"@type":"ListItem","position":1,"name":"Dom\u016f","item":"https:\/\/bigdatacentrum.eu\/de\/"},{"@type":"ListItem","position":2,"name":"Events2"}]},{"@type":"WebSite","@id":"https:\/\/bigdatacentrum.eu\/#website","url":"https:\/\/bigdatacentrum.eu\/","name":"Big Data Centrum","description":"","potentialAction":[{"@type":"SearchAction","target":{"@type":"EntryPoint","urlTemplate":"https:\/\/bigdatacentrum.eu\/?s={search_term_string}"},"query-input":{"@type":"PropertyValueSpecification","valueRequired":true,"valueName":"search_term_string"}}],"inLanguage":"de"}]}},"_links":{"self":[{"href":"https:\/\/bigdatacentrum.eu\/de\/wp-json\/wp\/v2\/pages\/754","targetHints":{"allow":["GET"]}}],"collection":[{"href":"https:\/\/bigdatacentrum.eu\/de\/wp-json\/wp\/v2\/pages"}],"about":[{"href":"https:\/\/bigdatacentrum.eu\/de\/wp-json\/wp\/v2\/types\/page"}],"author":[{"embeddable":true,"href":"https:\/\/bigdatacentrum.eu\/de\/wp-json\/wp\/v2\/users\/3"}],"replies":[{"embeddable":true,"href":"https:\/\/bigdatacentrum.eu\/de\/wp-json\/wp\/v2\/comments?post=754"}],"version-history":[{"count":7,"href":"https:\/\/bigdatacentrum.eu\/de\/wp-json\/wp\/v2\/pages\/754\/revisions"}],"predecessor-version":[{"id":1275,"href":"https:\/\/bigdatacentrum.eu\/de\/wp-json\/wp\/v2\/pages\/754\/revisions\/1275"}],"wp:attachment":[{"href":"https:\/\/bigdatacentrum.eu\/de\/wp-json\/wp\/v2\/media?parent=754"}],"curies":[{"name":"wp","href":"https:\/\/api.w.org\/{rel}","templated":true}]}}