{"id":521,"date":"2016-12-05T16:35:01","date_gmt":"2016-12-05T15:35:01","guid":{"rendered":"https:\/\/bigdatacentrum.eu\/?page_id=521\/"},"modified":"2016-12-19T08:42:50","modified_gmt":"2016-12-19T07:42:50","slug":"impressum","status":"publish","type":"page","link":"https:\/\/bigdatacentrum.eu\/de\/impressum\/","title":{"rendered":"Impressum"},"content":{"rendered":"<\/div><\/div><\/div><!-- close content main div --><\/div><\/div><div id='av_section_1' class='avia-section main_color avia-section-default avia-no-shadow avia-bg-style-scroll   container_wrap sidebar_right'   ><div class='container' ><div class='template-page content  av-content-small alpha units'><div class='post-entry post-entry-type-page post-entry-521'><div class='entry-content-wrapper clearfix'>\n<div class=\"flex_column av_one_full  flex_column_div av-zero-column-padding first  \" style='border-radius:0px; '><div style='padding-bottom:55px;font-size:55px;' class='av-special-heading av-special-heading-h2  blockquote modern-quote   av-inherit-size '><h2 class='av-special-heading-tag '  itemprop=\"headline\"  >Webpage &#8211; Impressum<\/h2><div class='special-heading-border'><div class='special-heading-inner-border' ><\/div><\/div><\/div><\/div>\n<\/div><\/div><\/div><!-- close content main div --><\/div><\/div><div id='after_section_1' class='main_color av_default_container_wrap container_wrap sidebar_right'   ><div class='container' ><div class='template-page content  av-content-small alpha units'><div class='post-entry post-entry-type-page post-entry-521'><div class='entry-content-wrapper clearfix'>\n<\/div><\/div><\/div><!-- close content main div --><\/div><\/div><div id='av_section_2' class='avia-section main_color avia-section-default avia-no-shadow avia-bg-style-scroll   container_wrap sidebar_right'   ><div class='container' ><div class='template-page content  av-content-small alpha units'><div class='post-entry post-entry-type-page post-entry-521'><div class='entry-content-wrapper clearfix'>\n<section class=\"av_textblock_section \"  itemscope=\"itemscope\" itemtype=\"https:\/\/schema.org\/CreativeWork\" ><div class='avia_textblock  '   itemprop=\"text\" ><h2>Big Data Centrum<\/h2>\n<p>THD &#8211; Technische Hochschule Deggendorf<\/p>\n<p>Edlmairstra\u00dfe 6 und 8<\/p>\n<p>94469 Deggendorf<\/p>\n<p>+49 (0)991 3615-0<\/p>\n<p>+49 (0)991 3615-297<\/p>\n<p>info@tc-grafenau.de<\/p>\n<h3>Rechtsform<\/h3>\n<p>Die Technische Hochschule Deggendorf ist eine K\u00f6rperschaft des \u00d6ffentlichen Rechts. Sie wird vertreten durch den Pr\u00e4sidenten Prof. Dr. rer. nat. Peter Sperber.<\/p>\n<h3>Umsatzsteuer-ID<\/h3>\n<p>Umsatzsteuer-Identifikationsnummer gem\u00e4\u00df \u00a727 a Umsatzsteuergesetz: UST-Id-Nr. DE 228493551<\/p>\n<h3>Aufsichtsbeh\u00f6rde<\/h3>\n<p>Bayerisches Staatsministerium f\u00fcr Bildung und Kultus, Wissenschaft und Kunst<\/p>\n<p>Salvatorstra\u00dfe 2<\/p>\n<p>80333 M\u00fcnchen<\/p>\n<h3>Kontakt Webredaktion<\/h3>\n<p>Bei Fragen rund um die Homepage schreiben Sie bitte an nachfolgende Adresse:<\/p>\n<p>j.svojgr@tcpisek.cz<\/p>\n<h3>Haftungsausschluss<\/h3>\n<h4>Inhalte<\/h4>\n<p>Alle Inhalte wurden mit gr\u00f6\u00dfter Sorgfalt erstellt. Trotzdem k\u00f6nnen Fehler nicht ausgeschlossen werden. Rechtlich verbindlich sind ausschlie\u00dflich die zugrundeliegenden Gesetze, Verordnungen, Satzungen und Amtsbl\u00e4tter.<\/p>\n<h4>Links<\/h4>\n<p>Unser Internetauftritt enth\u00e4lt Links zu externen Webseiten. Auf die Inhalte dieser Seiten haben wir keinen Einfluss. Zum Zeitpunkt der Verlinkung waren keine Rechtsverst\u00f6\u00dfe ersichtlich.<\/p>\n<h4>Urheberrecht<\/h4>\n<p>Die gesamte Webseite unterliegt dem deutschen Urheberrecht. Inhalte Dritter werden als solche gekennzeichnet. Sollten wir versehentlich das Urheberrecht Dritter verletzen, bitten wir um Benachrichtigung. Wir werden die betroffenen Inhalte schnellstm\u00f6glich \u00fcberpr\u00fcfen und gegebenenfalls entfernen.<\/p>\n<h3>Datenschutz<\/h3>\n<h4>Datenschutzerkl\u00e4rung f\u00fcr die Nutzung von Google Analytics<\/h4>\n<p>Diese Website nutzt Funktionen des Webanalysedienstes Google Analytics. Im Auftrag des Betreibers dieser Website wird Google diese Informationen benutzen, um Ihre Nutzung der Website auszuwerten, um Reports \u00fcber die Websiteaktivit\u00e4ten zusammenzustellen und um weitere mit der Websitenutzung und der Internetnutzung verbundene Dienstleistungen gegen\u00fcber dem Websitebetreiber zu erbringen.<\/p>\n<p>Im Falle der Aktivierung der IP-Anonymisierung auf dieser Website, wird Ihre IP-Adresse von Google jedoch innerhalb von Mitgliedstaaten der Europ\u00e4ischen Union oder in anderen Vertragsstaaten des Abkommens \u00fcber den Europ\u00e4ischen Wirtschaftsraum zuvor gek\u00fcrzt. Nur in Ausnahmef\u00e4llen wird die volle IP-Adresse an einen Server von Google in den USA \u00fcbertragen und dort gek\u00fcrzt. Die im Rahmen von Google Analytics von Ihrem Browser \u00fcbermittelte IP-Adresse wird nicht mit anderen Daten von Google zusammengef\u00fchrt. Wir weisen Sie darauf hin, dass auf dieser Website Google Analytics um den Code \u201eanonymizeIp\u201c erweitert wurde, um eine anonymisierte Erfassung von IP-Adressen (sog. IP-Masking) zu gew\u00e4hrleisten.<\/p>\n<p>Sie k\u00f6nnen die Auswertung Ihrer Daten wie folgt beeinflussen:<\/p>\n<ul>\n<li>Sie k\u00f6nnen die Speicherung der Cookies durch eine entsprechende Einstellung Ihrer Browser-Software verhindern; wir weisen Sie jedoch darauf hin, dass Sie in diesem Fall gegebenenfalls nicht s\u00e4mtliche Funktionen dieser Website vollumf\u00e4nglich werden nutzen k\u00f6nnen.<\/li>\n<li>Sie k\u00f6nnen dar\u00fcber hinaus die Erfassung der durch das Cookie erzeugten und auf Ihre Nutzung der Website bezogenen Daten (inkl. Ihrer IP-Adresse) an Google sowie die Verarbeitung dieser Daten durch Google verhindern, indem sie das unter dem folgenden Link verf\u00fcgbare Browser-Plugin herunterladen und installieren: https:\/\/tools.google.com\/dlpage\/gaoptout?hl=de<\/li>\n<li>Sie k\u00f6nnen die Erfassung mit Google Analytics auf dieser Webseite deaktivieren. Nach dem Klick auf den Link wird ein Opt-Out-Cookie gesetzt. So lange dieses Cookie aktiv ist, wird Sie Google Analytics auf dieser Webseite nicht erfassen.<\/li>\n<\/ul>\n<p>Wir nutzen Google Analytics zudem dazu, Daten aus AdWords und dem Double-Click-Cookie zu statistischen Zwecken auszuwerten. Sollten Sie dies nicht w\u00fcnschen, k\u00f6nnen Sie dies \u00fcber den Anzeigenvorgaben-Manager (https:\/\/www.google.com\/settings\/ads\/onweb\/?hl=de) deaktivieren.<\/p>\n<h4>Verschl\u00fcsselung<\/h4>\n<p>Informationen, die ohne Verschl\u00fcsselung \u00fcber das Internet gesendet werden, k\u00f6nnen w\u00e4hrend der \u00dcbertragung von anderen Personen angesehen werden. Dies gilt f\u00fcr E-Mails, aber auch f\u00fcr den Besuch von Websites. Die Webinhalte der THD werden deswegen verschl\u00fcsselt \u00fcber HTTPS \u00fcbertragen.<\/p>\n<h4>Server Log<\/h4>\n<p>Jeder Zugriff auf diese Website und jeder Abruf von Daten wird vom Server protokolliert. Dies dient lediglich internen systembezogenen Zwecken. Die Daten werden nur zweckgebunden verwendet und nicht an Dritte weitergegeben. Diese Daten sind nicht bestimmten Personen zuordenbar. Eine Zusammenf\u00fchrung dieser Daten mit anderen Datenquellen wird nicht vorgenommen. Wir behalten uns vor, diese Daten nachtr\u00e4glich zu pr\u00fcfen, wenn uns konkrete Anhaltspunkte f\u00fcr eine rechtswidrige Nutzung bekannt werden.<\/p>\n<h4>Datenschutzbeauftragter<\/h4>\n<p>Prof. Dr. Herbert Fischer<br \/>\ndatenschutz@th-deg.de<\/p>\n<\/div><\/section>\n<\/div><\/div><\/div><!-- close content main div --><\/div><\/div><div id='after_section_2' class='main_color av_default_container_wrap container_wrap sidebar_right'   ><div class='container' ><div class='template-page content  av-content-small alpha units'><div class='post-entry post-entry-type-page post-entry-521'><div class='entry-content-wrapper clearfix'><\/div><\/div><\/div><!-- close content main div --><\/div><\/div><div id='av_section_3' class='avia-section main_color avia-section-default avia-no-shadow avia-bg-style-scroll   container_wrap sidebar_right'   ><div class='container' ><div class='template-page content  av-content-small alpha units'><div class='post-entry post-entry-type-page post-entry-521'><div class='entry-content-wrapper clearfix'><\/div><\/div><\/div><!-- close content main div --><\/div><\/div><div id='after_section_3' class='main_color av_default_container_wrap container_wrap sidebar_right'   ><div class='container' ><div class='template-page content  av-content-small alpha units'><div class='post-entry post-entry-type-page post-entry-521'><div class='entry-content-wrapper clearfix'><\/p>\n<\/div><\/div><\/div><!-- close content main div --><\/div><\/div><div id='av_section_4' class='avia-section main_color avia-section-no-padding avia-no-border-styling avia-bg-style-scroll   container_wrap sidebar_right'   ><div class='container' ><div class='template-page content  av-content-small alpha units'><div class='post-entry post-entry-type-page post-entry-521'><div class='entry-content-wrapper clearfix'>\n<div class=\"flex_column av_one_half  flex_column_div av-zero-column-padding first  \" style='border-radius:0px; '><div class='avia-image-container  av-styling-no-styling    avia-align-center '  itemscope=\"itemscope\" itemtype=\"https:\/\/schema.org\/ImageObject\"  ><div class='avia-image-container-inner'><a href='https:\/\/by-cz.eu' class='avia_image'   target=\"_blank\" ><img class='avia_image ' src='https:\/\/bigdatacentrum.eu\/wp-content\/uploads\/logo-programu-DE-barevn\u011b-300x71.jpg' alt='' title='Ziel ETZ'  itemprop=\"thumbnailUrl\"  \/><\/a><\/div><\/div><\/div><div class=\"flex_column av_one_half  flex_column_div av-zero-column-padding   \" style='border-radius:0px; '><div class='avia-image-container  av-styling-no-styling    avia-align-center '  itemscope=\"itemscope\" itemtype=\"https:\/\/schema.org\/ImageObject\"  ><div class='avia-image-container-inner'><a href='https:\/\/ec.europa.eu\/regional_policy\/de\/funding\/erdf\/' class='avia_image'   target=\"_blank\" ><img class='avia_image ' src='https:\/\/bigdatacentrum.eu\/wp-content\/uploads\/logo-UNIE-a-odkaz-na-ERDF-DE-barevn\u011b-300x81.jpg' alt='' title='EU'  itemprop=\"thumbnailUrl\"  \/><\/a><\/div><\/div><\/div>\n<\/div><\/div><\/div><!-- close content main div --><\/div><\/div><div id='after_section_4' class='main_color av_default_container_wrap container_wrap sidebar_right'   ><div class='container' ><div class='template-page content  av-content-small alpha units'><div class='post-entry post-entry-type-page post-entry-521'><div class='entry-content-wrapper clearfix'>\n","protected":false},"excerpt":{"rendered":"","protected":false},"author":2,"featured_media":0,"parent":0,"menu_order":0,"comment_status":"closed","ping_status":"closed","template":"","meta":{"footnotes":""},"class_list":["post-521","page","type-page","status-publish","hentry"],"yoast_head":"<!-- This site is optimized with the Yoast SEO plugin v27.1.1 - https:\/\/yoast.com\/product\/yoast-seo-wordpress\/ -->\n<title>Big Data Centrum | Impressum<\/title>\n<meta name=\"robots\" content=\"index, follow, max-snippet:-1, max-image-preview:large, max-video-preview:-1\" \/>\n<link rel=\"canonical\" href=\"https:\/\/bigdatacentrum.eu\/de\/impressum\/\" \/>\n<meta property=\"og:locale\" content=\"de_DE\" \/>\n<meta property=\"og:type\" content=\"article\" \/>\n<meta property=\"og:title\" content=\"Big Data Centrum | Impressum\" \/>\n<meta property=\"og:url\" content=\"https:\/\/bigdatacentrum.eu\/de\/impressum\/\" \/>\n<meta property=\"og:site_name\" content=\"Big Data Centrum\" \/>\n<meta property=\"article:modified_time\" content=\"2016-12-19T07:42:50+00:00\" \/>\n<meta name=\"twitter:card\" content=\"summary_large_image\" \/>\n<meta name=\"twitter:label1\" content=\"Gesch\u00e4tzte Lesezeit\" \/>\n\t<meta name=\"twitter:data1\" content=\"6\u00a0Minuten\" \/>\n<script type=\"application\/ld+json\" class=\"yoast-schema-graph\">{\"@context\":\"https:\/\/schema.org\",\"@graph\":[{\"@type\":\"WebPage\",\"@id\":\"https:\/\/bigdatacentrum.eu\/de\/impressum\/\",\"url\":\"https:\/\/bigdatacentrum.eu\/de\/impressum\/\",\"name\":\"Big Data Centrum | Impressum\",\"isPartOf\":{\"@id\":\"https:\/\/bigdatacentrum.eu\/#website\"},\"datePublished\":\"2016-12-05T15:35:01+00:00\",\"dateModified\":\"2016-12-19T07:42:50+00:00\",\"breadcrumb\":{\"@id\":\"https:\/\/bigdatacentrum.eu\/de\/impressum\/#breadcrumb\"},\"inLanguage\":\"de\",\"potentialAction\":[{\"@type\":\"ReadAction\",\"target\":[\"https:\/\/bigdatacentrum.eu\/de\/impressum\/\"]}]},{\"@type\":\"BreadcrumbList\",\"@id\":\"https:\/\/bigdatacentrum.eu\/de\/impressum\/#breadcrumb\",\"itemListElement\":[{\"@type\":\"ListItem\",\"position\":1,\"name\":\"Dom\u016f\",\"item\":\"https:\/\/bigdatacentrum.eu\/de\/\"},{\"@type\":\"ListItem\",\"position\":2,\"name\":\"Impressum\"}]},{\"@type\":\"WebSite\",\"@id\":\"https:\/\/bigdatacentrum.eu\/#website\",\"url\":\"https:\/\/bigdatacentrum.eu\/\",\"name\":\"Big Data Centrum\",\"description\":\"\",\"potentialAction\":[{\"@type\":\"SearchAction\",\"target\":{\"@type\":\"EntryPoint\",\"urlTemplate\":\"https:\/\/bigdatacentrum.eu\/?s={search_term_string}\"},\"query-input\":{\"@type\":\"PropertyValueSpecification\",\"valueRequired\":true,\"valueName\":\"search_term_string\"}}],\"inLanguage\":\"de\"}]}<\/script>\n<!-- \/ Yoast SEO plugin. -->","yoast_head_json":{"title":"Big Data Centrum | Impressum","robots":{"index":"index","follow":"follow","max-snippet":"max-snippet:-1","max-image-preview":"max-image-preview:large","max-video-preview":"max-video-preview:-1"},"canonical":"https:\/\/bigdatacentrum.eu\/de\/impressum\/","og_locale":"de_DE","og_type":"article","og_title":"Big Data Centrum | Impressum","og_url":"https:\/\/bigdatacentrum.eu\/de\/impressum\/","og_site_name":"Big Data Centrum","article_modified_time":"2016-12-19T07:42:50+00:00","twitter_card":"summary_large_image","twitter_misc":{"Gesch\u00e4tzte Lesezeit":"6\u00a0Minuten"},"schema":{"@context":"https:\/\/schema.org","@graph":[{"@type":"WebPage","@id":"https:\/\/bigdatacentrum.eu\/de\/impressum\/","url":"https:\/\/bigdatacentrum.eu\/de\/impressum\/","name":"Big Data Centrum | Impressum","isPartOf":{"@id":"https:\/\/bigdatacentrum.eu\/#website"},"datePublished":"2016-12-05T15:35:01+00:00","dateModified":"2016-12-19T07:42:50+00:00","breadcrumb":{"@id":"https:\/\/bigdatacentrum.eu\/de\/impressum\/#breadcrumb"},"inLanguage":"de","potentialAction":[{"@type":"ReadAction","target":["https:\/\/bigdatacentrum.eu\/de\/impressum\/"]}]},{"@type":"BreadcrumbList","@id":"https:\/\/bigdatacentrum.eu\/de\/impressum\/#breadcrumb","itemListElement":[{"@type":"ListItem","position":1,"name":"Dom\u016f","item":"https:\/\/bigdatacentrum.eu\/de\/"},{"@type":"ListItem","position":2,"name":"Impressum"}]},{"@type":"WebSite","@id":"https:\/\/bigdatacentrum.eu\/#website","url":"https:\/\/bigdatacentrum.eu\/","name":"Big Data Centrum","description":"","potentialAction":[{"@type":"SearchAction","target":{"@type":"EntryPoint","urlTemplate":"https:\/\/bigdatacentrum.eu\/?s={search_term_string}"},"query-input":{"@type":"PropertyValueSpecification","valueRequired":true,"valueName":"search_term_string"}}],"inLanguage":"de"}]}},"_links":{"self":[{"href":"https:\/\/bigdatacentrum.eu\/de\/wp-json\/wp\/v2\/pages\/521","targetHints":{"allow":["GET"]}}],"collection":[{"href":"https:\/\/bigdatacentrum.eu\/de\/wp-json\/wp\/v2\/pages"}],"about":[{"href":"https:\/\/bigdatacentrum.eu\/de\/wp-json\/wp\/v2\/types\/page"}],"author":[{"embeddable":true,"href":"https:\/\/bigdatacentrum.eu\/de\/wp-json\/wp\/v2\/users\/2"}],"replies":[{"embeddable":true,"href":"https:\/\/bigdatacentrum.eu\/de\/wp-json\/wp\/v2\/comments?post=521"}],"version-history":[{"count":9,"href":"https:\/\/bigdatacentrum.eu\/de\/wp-json\/wp\/v2\/pages\/521\/revisions"}],"predecessor-version":[{"id":547,"href":"https:\/\/bigdatacentrum.eu\/de\/wp-json\/wp\/v2\/pages\/521\/revisions\/547"}],"wp:attachment":[{"href":"https:\/\/bigdatacentrum.eu\/de\/wp-json\/wp\/v2\/media?parent=521"}],"curies":[{"name":"wp","href":"https:\/\/api.w.org\/{rel}","templated":true}]}}