{"id":334,"date":"2016-10-19T12:23:02","date_gmt":"2016-10-19T10:23:02","guid":{"rendered":"https:\/\/bigdatacentrum.eu\/de\/?page_id=334"},"modified":"2017-06-07T13:17:35","modified_gmt":"2017-06-07T11:17:35","slug":"events1","status":"publish","type":"page","link":"https:\/\/bigdatacentrum.eu\/de\/events1\/","title":{"rendered":"Events1"},"content":{"rendered":"<\/div><\/div><\/div><!-- close content main div --><\/div><\/div><div id='av_section_1' class='avia-section main_color avia-section-no-padding avia-no-border-styling av-parallax-section avia-bg-style-parallax   av-minimum-height av-minimum-height-25 container_wrap sidebar_right'  data-section-bg-repeat='no-repeat' ><div class='av-parallax' data-avia-parallax-ratio='0.3' ><div class='av-parallax-inner main_color  avia-full-stretch' style = 'background-repeat: no-repeat; background-image: url(https:\/\/bigdatacentrum.eu\/wp-content\/uploads\/header_1-1500x430.jpg); background-attachment: scroll; background-position: top center; ' ><\/div><\/div><div class='container' ><div class='template-page content  av-content-small alpha units'><div class='post-entry post-entry-type-page post-entry-334'><div class='entry-content-wrapper clearfix'>\n<div style='padding-bottom:10px;color:#ffffff;font-size:55px;' class='av-special-heading av-special-heading-h2 custom-color-heading blockquote modern-quote modern-centered  av-inherit-size '><h2 class='av-special-heading-tag '  itemprop=\"headline\"  >BIG DATA &#8211; erste Schritte wagen!<\/h2><div class ='av-subheading av-subheading_below av_custom_color ' style='font-size:15px;'><p>Workshop<\/p>\n<\/div><div class='special-heading-border'><div class='special-heading-inner-border' style='border-color:#ffffff'><\/div><\/div><\/div>\n<\/div><\/div><\/div><!-- close content main div --><\/div><\/div><div id='after_section_1' class='main_color av_default_container_wrap container_wrap sidebar_right'   ><div class='container' ><div class='template-page content  av-content-small alpha units'><div class='post-entry post-entry-type-page post-entry-334'><div class='entry-content-wrapper clearfix'>\n<\/div><\/div><\/div><!-- close content main div --><\/div><\/div><div class='clear'><\/div><div id='sub_menu1' class='av-submenu-container main_color  av-sticky-submenu container_wrap sidebar_right'   style='z-index:301'><div class='container av-menu-mobile-disabled '><ul id='av-custom-submenu-1' class='av-subnav-menu av-submenu-pos-center'>\n<li class='menu-item menu-item-top-level  menu-item-top-level-1'><a href='https:\/\/bigdatacentrum.eu\/de\/' ><span class='avia-bullet'><\/span><span class='avia-menu-text'>Home<\/span><\/a><\/li>\n<li class='menu-item menu-item-top-level  menu-item-top-level-2'><a href='https:\/\/bigdatacentrum.eu\/de\/#about' ><span class='avia-bullet'><\/span><span class='avia-menu-text'>Big Data<\/span><\/a><\/li>\n<li class='menu-item menu-item-top-level  menu-item-top-level-3'><a href='https:\/\/bigdatacentrum.eu\/de\/#conference' ><span class='avia-bullet'><\/span><span class='avia-menu-text'>Events<\/span><\/a><\/li>\n<li class='menu-item menu-item-top-level  menu-item-top-level-4'><a href='https:\/\/bigdatacentrum.eu\/de\/#contact' ><span class='avia-bullet'><\/span><span class='avia-menu-text'>Kontakt<\/span><\/a><\/li>\n<\/ul><\/div><\/div><div class='sticky_placeholder'><\/div>\n<\/div><\/div><\/div><!-- close content main div --><\/div><\/div><div id='av_section_2' class='avia-section main_color avia-section-default avia-no-border-styling avia-bg-style-scroll   container_wrap sidebar_right' style = 'background-repeat: no-repeat; background-image: url(https:\/\/bigdatacentrum.eu\/wp-content\/uploads\/logo_chobotnice-169x300.png); background-attachment: scroll; background-position: center right; ' data-section-bg-repeat='no-repeat' ><div class='container' ><div class='template-page content  av-content-small alpha units'><div class='post-entry post-entry-type-page post-entry-334'><div class='entry-content-wrapper clearfix'>\n<section class=\"av_textblock_section \"  itemscope=\"itemscope\" itemtype=\"https:\/\/schema.org\/CreativeWork\" ><div class='avia_textblock  '  style='font-size:20px; '  itemprop=\"text\" ><p>Unternehmen jeder Gr\u00f6\u00dfe und Branche verf\u00fcgen \u00fcber Datenbest\u00e4nde, die sich systematisch analysieren und verwerten lassen. Aber wie? Im Rahmen des neu gegr\u00fcndeten Big Data Centrums informieren wir Sie \u00fcber die M\u00f6glichkeiten von Big Data Analysis und laden Sie zu unserem Workshop ein.<\/p>\n<\/div><\/section>\n<div class=\"flex_column av_one_full  no_margin flex_column_div first  \" style='padding:0px 10% 0px 10% ; border-radius:0px; '><section class=\"av_textblock_section \"  itemscope=\"itemscope\" itemtype=\"https:\/\/schema.org\/CreativeWork\" ><div class='avia_textblock  '  style='font-size:16px; '  itemprop=\"text\" ><p><strong>Datum:<\/strong> Donnerstag, 23.03.2017<\/p>\n<p><strong>Uhrzeit:<\/strong> 13:00 &#8211; 18:00 Uhr<\/p>\n<p><strong>Ort:<\/strong> Technologiecampus Grafenau, Hauptstra\u00dfe 3, 94481 Grafenau<\/p>\n<p><strong>Vortr\u00e4ge: <\/strong><\/p>\n<p style=\"padding-left: 30px;\"><span style=\"color: #000000; font-weight: bold;\">Internationales Big Data Zentrum Ostbayern-S\u00fcdb\u00f6hmen &#8211; Eine Einf\u00fchrung in die Welt der Daten<\/span><br \/>\n<em>Michael Fernandes, Technologiecampus Grafenau<\/em><\/p>\n<p style=\"padding-left: 30px;\"><span style=\"color: #000000; font-weight: bold;\">Internet of Things und Sensoren im Unternehmen<\/span><br \/>\n<em>Jan Pokorn\u00fd, Technologie Centrum P\u00edsek<\/em><\/p>\n<p style=\"padding-left: 30px;\"><span style=\"color: #000000; font-weight: bold;\">Kenne deinen Kunden. Chancen ergreifen mit Google Insights. Datenerhebung und Interpretation am Praxisbeispiel.<\/span><br \/>\n<em>Katharina Spatz und Marc Paul G\u00fcnnewich, minzgr\u00fcn, Passau<\/em><\/p>\n<p style=\"padding-left: 30px;\"><span style=\"color: #000000; font-weight: bold;\">Daten im Unternehmen effektiv nutzen &#8211; Praxisbeispiele und Handlungsempfehlungen<\/span><br \/>\n<em>Dr. habil. Robert Hable, Technologiecampus Grafenau<\/em><\/p>\n<p><strong>Erfahrungsaustausch\u00a0<\/strong>zu Anwendungsm\u00f6glichkeiten von Big Data Analysis, Datenqualit\u00e4t und -verf\u00fcgbarkeit. Diskutieren Sie mit uns Nutzen und Herausforderungen bei der Anwendung von Datenanalyse.<\/p>\n<p><strong>Expertengespr\u00e4che:\u00a0<\/strong>Unser Team hilft Ihnen bei individuellen Fragen gerne weiter. Sprechen Sie uns an!<\/p>\n<p><strong>Get-together:\u00a0<\/strong>Wir laden Sie ein sich bei einem Imbiss und Getr\u00e4nken auszutauschen und Kontakte zu kn\u00fcpfen.<\/p>\n<\/div><\/section><\/div><div class=\"flex_column av_one_full  flex_column_div av-zero-column-padding first  \" style='border-radius:0px; '><p><section class=\"av_textblock_section \"  itemscope=\"itemscope\" itemtype=\"https:\/\/schema.org\/CreativeWork\" ><div class='avia_textblock  '  style='font-size:20px; '  itemprop=\"text\" ><p><strong>Beschreibung<\/strong><\/p>\n<\/div><\/section><br \/>\n<section class=\"av_textblock_section \"  itemscope=\"itemscope\" itemtype=\"https:\/\/schema.org\/CreativeWork\" ><div class='avia_textblock  '  style='font-size:16px; '  itemprop=\"text\" ><p>Unser Workshop &#8222;BIG DATA &#8211; erste Schritte wagen!&#8220; erleichtert Ihnen den Einstieg in die effektive Nutzung Ihrer Daten. Ein Team von Analysten des Technologiecampus Grafenau informiert Sie \u00fcber M\u00f6glichkeiten von Big Data. Unsere tschechischen Projektpartner vom Technologie Centrum P\u00edsek berichten \u00fcber Entwicklungen zum Thema &#8222;Internet of Things&#8220; und erkl\u00e4ren den sinnvollen Einsatz von Sensoren im Unternehmen. Als offizieller Google-Partner bietet Ihnen die Agentur minzgr\u00fcn einen Einblick in die Datenerhebung und Interpretation. So erfahren Sie aus erster Hand an einem Praxisbeispiel wie Unternehmer mit Hilfe von Google Insights ihre Chancen besser nutzen k\u00f6nnen. In einem interaktiven Teil, k\u00f6nnen Sie mit uns \u00fcber Nutzen und Herausforderungen bei der Anwendung von Datenanalyse diskutieren und\u00a0sich \u00fcber Ihre Erfahrungen austauschen. Wir stellen Ihnen einige Beispiele aus der Praxis vor und geben Ihnen Handlungsempfehlungen mit auf den Weg. Unsere Experten stehen Ihnen jederzeit f\u00fcr individuelle Fragen zur Verf\u00fcgung. Zum Abschluss der Veranstaltung k\u00f6nnen Sie sich gerne bei einem Imbiss und Getr\u00e4nken weiter austauschen und vernetzen.<\/p>\n<p>Dieses kostenlose Angebot richtet sich vorwiegend an KMU der Regionen Ostbayern und S\u00fcdb\u00f6hmen. Die Teilnehmerzahl ist beschr\u00e4nkt. Anmeldung bis 13.03.2017 \u00fcber unser Formular.<\/p>\n<\/div><\/section><\/p><\/div><div class=\"flex_column av_one_full  flex_column_div av-zero-column-padding first  \" style='border-radius:0px; '><p><section class=\"av_textblock_section \"  itemscope=\"itemscope\" itemtype=\"https:\/\/schema.org\/CreativeWork\" ><div class='avia_textblock  '  style='font-size:20px; '  itemprop=\"text\" ><p><strong>Bericht<\/strong><\/p>\n<\/div><\/section><br \/>\n<div style='padding-bottom:10px;' class='av-special-heading av-special-heading-h1  blockquote modern-quote modern-centered   '><h1 class='av-special-heading-tag '  itemprop=\"headline\"  >KMU in den Startl\u00f6chern<\/h1><div class ='av-subheading av-subheading_below  ' style='font-size:18px;'><p>Big Data-Workshop trifft auf gro\u00dfes Interesse bei den Unternehmen der Region<\/p>\n<\/div><div class='special-heading-border'><div class='special-heading-inner-border' ><\/div><\/div><\/div><br \/>\n<section class=\"av_textblock_section \"  itemscope=\"itemscope\" itemtype=\"https:\/\/schema.org\/CreativeWork\" ><div class='avia_textblock  '  style='font-size:16px; '  itemprop=\"text\" ><p>\u201eIn unserem Projekt soll Wissen vermittelt werden, das den Unternehmen hilft selbst die ersten Schritte zu gehen\u201c, erkl\u00e4rt Dr. Robert Hable, Leiter des Forschungsteams f\u00fcr Big Data Analytics am Technologiecampus Grafenau. Mit diesem Ziel startete am Donnerstag der erste Workshop einer Veranstaltungsreihe im Rahmen des Interreg-Projektes \u201eBig Data Centrum Ostbayern-S\u00fcdb\u00f6hmen\u201c. Gut 70 Personen folgten der Einladung des Technologiecampus Grafenau, die meisten aus Unternehmen der Region. Einige Teilnehmer reisten aber auch \u00fcberregional z.B. aus Regensburg oder M\u00fcnchen und grenz\u00fcberschreitend aus Tschechien an. Unterst\u00fctzt wurden die Gastgeber von den Projektpartnern des Technologie Centrum P\u00edsek und der S\u00fcdb\u00f6hmischen Wirtschaftskammer.<\/p>\n<p>Zum Auftakt begr\u00fc\u00dfte Franz Wilhelm, Gesch\u00e4ftsleiter des TC Grafenau, die Anwesenden und zeigte sich sehr erfreut \u00fcber die gro\u00dfe Teilnehmerzahl. Bereits vor Ablauf der Anmeldefrist waren alle Pl\u00e4tze vergeben. Um dem grenz\u00fcbergreifenden Ansatz des Projektes gerecht zu werden, wurden die deutschen und tschechischen Beitr\u00e4ge simultan\u00fcbersetzt. Michael Fernandes (TC Grafenau) stellte das Projekt vor und half den Teilnehmern anhand von Beispielen ein Gef\u00fchl daf\u00fcr zu entwickeln, welch gro\u00dfe Datenmengen sich mittlerweile sek\u00fcndlich erfassen lassen. Jakub \u0160vojgr (TC P\u00edsek) pr\u00e4sentierte das Technologie Centrum P\u00edsek und ging kurz auf die Chancen und M\u00f6glichkeiten des Rechenzentrums ein. Jan Pokorn\u00fd (TC P\u00edsek) sprach \u00fcber das Internet der Dinge und den Einsatz von Sensoren. Dabei stellte er viele smarte L\u00f6sungen f\u00fcr den Alltag vor. Einen etwas anderen Blick auf die Datenanalyse und deren Nutzungsm\u00f6glichkeiten f\u00fcr Marketing und Kommunikation gaben die Gastreferenten von minzgr\u00fcn, Katharina Spatz und Marc Paul G\u00fcnnewich, mit Hilfe von Google Insights.<\/p>\n<p>F\u00fcr den interaktiven Teil der Veranstaltung teilten sich die Besucher in vier Gruppen auf. Bei angeregten Diskussionen tauschten sich die Unternehmensvertreter \u00fcber den Entwicklungsstand von Big Data in ihren Unternehmen aus, besprachen Erfahrungen, Hindernisse und Ziele. \u201eEs ist spannend zu beobachten wie motiviert die Unternehmen sind, diese Potentiale zu nutzen und neue Wege zu gehen. Wir freuen uns dar\u00fcber, ihnen viele Anregungen bieten und sie begleiten zu k\u00f6nnen\u201c, bemerkt Magdalena Schindler, Organisatorin des Workshops. Am interessantesten war f\u00fcr viele das Thema \u201evorausschauende Instandhaltung\u201c. Als Hauptziel der Datenanalyse wurde einstimmig die Steigerung der Wettbewerbsf\u00e4higkeit genannt. Einige wiesen jedoch auch darauf hin, wie wichtig die Kommunikation und Auseinandersetzung mit der Belegschaft sei. Das Thema Big Data m\u00fcsse vom Management angesto\u00dfen werden, damit Verantwortlichkeiten und Budget fr\u00fchzeitig festgelegt w\u00fcrden. Als ideal sehen manche eine zentrale Stelle mit Statistik-Kompetenz, die mit Hilfe der IT die einzelnen Fachabteilungen bei der Umsetzung und Anwendung unterst\u00fctzt. Zahlreiche Unternehmen bedauerten das fehlende Know-how, es best\u00fcnde aber gro\u00dfe Neugierde auf die M\u00f6glichkeiten und Erkenntnisse aus der Datenanalyse.<\/p>\n<p>Zum Schluss der Veranstaltung riss Robert Hable die Teilnehmer mit seinem Vortrag zu Handlungsempfehlungen und Praxisbeispielen von Big Data noch einmal mit. Anschaulich stellte er dar, was f\u00fcr eine Analyse ben\u00f6tigt wird, wann eine Auswertung \u00fcberhaupt sinnvoll ist und wie Auff\u00e4lligkeiten in den Daten ermittelt werden k\u00f6nnen. Er gab den Besuchern praxisrelevante Tipps mit auf den Weg und empfahl allen Anwesenden vor gr\u00f6\u00dferen Investitionen zun\u00e4chst die eigenen Ziele genau festzustecken.<\/p>\n<p>\u201eWir sehen uns in unserem Vorhaben best\u00e4rkt weitere Informations- und Schulungsangebote zur Verf\u00fcgung zu stellen\u201c, fasst Hable zusammen. Das n\u00e4chste Seminar findet voraussichtlich bereits am 30.05.2017 statt und widmet sich den Grundlagen der Statistik als wichtiges Fundament f\u00fcr die Datenanalyse.<\/p>\n<p>Das Interreg-Projekt \u201eBig Data Centrum Ostbayern-S\u00fcdb\u00f6hmen\u201c wird von der Europ\u00e4ischen Union (Ziel ETZ 2014-2020) gef\u00f6rdert. Ansprechpartnerin am TC Grafenau ist Magdalena Schindler (<a href=\"mailto:Magdalena.Schindler@th-deg.de\">Magdalena.Schindler@th-deg.de<\/a>; Tel.: 08552 975699-64).<\/p>\n<\/div><\/section><\/p><\/div><\/div><\/div><\/div><!-- close content main div --><\/div><\/div><div id='after_section_2' class='main_color av_default_container_wrap container_wrap sidebar_right'   ><div class='container' ><div class='template-page content  av-content-small alpha units'><div class='post-entry post-entry-type-page post-entry-334'><div class='entry-content-wrapper clearfix'><div id='av-masonry-1' class='av-masonry noHover av-flex-size av-no-gap av-hover-overlay-active av-masonry-col-flexible av-caption-always av-caption-style- av-masonry-gallery     '  ><div class='av-masonry-container isotope av-js-disabled ' ><div class='av-masonry-entry isotope-item av-masonry-item-no-image '><\/div><a href=\"https:\/\/bigdatacentrum.eu\/wp-content\/uploads\/SAM_0548-1030x773.jpg\" id='av-masonry-1-item-782' data-av-masonry-item='782' class='av-masonry-entry isotope-item post-782 attachment type-attachment status-inherit hentry  av-masonry-item-with-image' title=\"Begr\u00fc\u00dfung Franz Wilhelm\"  itemprop=\"thumbnailUrl\" ><div class='av-inner-masonry-sizer'><\/div><figure class='av-inner-masonry main_color'><div class=\"av-masonry-outerimage-container\"><div class=\"av-masonry-image-container\" style=\"background-image: url(https:\/\/bigdatacentrum.eu\/wp-content\/uploads\/SAM_0548-705x529.jpg);\"><img decoding=\"async\" src=\"https:\/\/bigdatacentrum.eu\/wp-content\/uploads\/SAM_0548-705x529.jpg\" title=\"Begr\u00fc\u00dfung\" alt=\"\" \/><\/div><\/div><\/figure><\/a><!--end av-masonry entry--><a href=\"https:\/\/bigdatacentrum.eu\/wp-content\/uploads\/P3232112-1030x773.jpg\" id='av-masonry-1-item-779' data-av-masonry-item='779' class='av-masonry-entry isotope-item post-779 attachment type-attachment status-inherit hentry  av-masonry-item-with-image' title=\"Vortrag Michael Fernandes\"  itemprop=\"thumbnailUrl\" ><div class='av-inner-masonry-sizer'><\/div><figure class='av-inner-masonry main_color'><div class=\"av-masonry-outerimage-container\"><div class=\"av-masonry-image-container\" style=\"background-image: url(https:\/\/bigdatacentrum.eu\/wp-content\/uploads\/P3232112-705x529.jpg);\"><img decoding=\"async\" src=\"https:\/\/bigdatacentrum.eu\/wp-content\/uploads\/P3232112-705x529.jpg\" title=\"Vortrag Fernandes\" alt=\"\" \/><\/div><\/div><\/figure><\/a><!--end av-masonry entry--><a href=\"https:\/\/bigdatacentrum.eu\/wp-content\/uploads\/SAM_0605-1030x773.jpg\" id='av-masonry-1-item-787' data-av-masonry-item='787' class='av-masonry-entry isotope-item post-787 attachment type-attachment status-inherit hentry  av-masonry-item-with-image' title=\"Vortrag Dr. habil. Robert Hable\"  itemprop=\"thumbnailUrl\" ><div class='av-inner-masonry-sizer'><\/div><figure class='av-inner-masonry main_color'><div class=\"av-masonry-outerimage-container\"><div class=\"av-masonry-image-container\" style=\"background-image: url(https:\/\/bigdatacentrum.eu\/wp-content\/uploads\/SAM_0605-705x529.jpg);\"><img decoding=\"async\" src=\"https:\/\/bigdatacentrum.eu\/wp-content\/uploads\/SAM_0605-705x529.jpg\" title=\"Vortrag Hable\" alt=\"\" \/><\/div><\/div><\/figure><\/a><!--end av-masonry entry--><a href=\"https:\/\/bigdatacentrum.eu\/wp-content\/uploads\/SAM_0589-1030x773.jpg\" id='av-masonry-1-item-786' data-av-masonry-item='786' class='av-masonry-entry isotope-item post-786 attachment type-attachment status-inherit hentry  av-masonry-item-with-image' title=\"get together\"  itemprop=\"thumbnailUrl\" ><div class='av-inner-masonry-sizer'><\/div><figure class='av-inner-masonry main_color'><div class=\"av-masonry-outerimage-container\"><div class=\"av-masonry-image-container\" style=\"background-image: url(https:\/\/bigdatacentrum.eu\/wp-content\/uploads\/SAM_0589-705x529.jpg);\"><img decoding=\"async\" src=\"https:\/\/bigdatacentrum.eu\/wp-content\/uploads\/SAM_0589-705x529.jpg\" title=\"get together\" alt=\"\" \/><\/div><\/div><\/figure><\/a><!--end av-masonry entry--><\/div><\/div><\/p>\n<div style='height:30px' class='hr hr-invisible  '><span class='hr-inner ' ><span class='hr-inner-style'><\/span><\/span><\/div>\n<\/div><\/div><\/div><!-- close content main div --><\/div><\/div><div id='av_section_3' class='avia-section main_color avia-section-no-padding avia-no-border-styling avia-bg-style-scroll   container_wrap sidebar_right'   ><div class='container' ><div class='template-page content  av-content-small alpha units'><div class='post-entry post-entry-type-page post-entry-334'><div class='entry-content-wrapper clearfix'>\n<div class=\"flex_column av_one_half  flex_column_div av-zero-column-padding first  \" style='border-radius:0px; '><div class='avia-image-container  av-styling-no-styling    avia-align-center '  itemscope=\"itemscope\" itemtype=\"https:\/\/schema.org\/ImageObject\"  ><div class='avia-image-container-inner'><a href='https:\/\/by-cz.eu' class='avia_image'   target=\"_blank\" ><img class='avia_image ' src='https:\/\/bigdatacentrum.eu\/wp-content\/uploads\/logo-programu-DE-barevn\u011b-300x71.jpg' alt='' title='Ziel ETZ'  itemprop=\"thumbnailUrl\"  \/><\/a><\/div><\/div><\/div><div class=\"flex_column av_one_half  flex_column_div av-zero-column-padding   \" style='border-radius:0px; '><div class='avia-image-container  av-styling-no-styling    avia-align-center '  itemscope=\"itemscope\" itemtype=\"https:\/\/schema.org\/ImageObject\"  ><div class='avia-image-container-inner'><a href='https:\/\/ec.europa.eu\/regional_policy\/de\/funding\/erdf\/' class='avia_image'   target=\"_blank\" ><img class='avia_image ' src='https:\/\/bigdatacentrum.eu\/wp-content\/uploads\/logo-UNIE-a-odkaz-na-ERDF-DE-barevn\u011b-300x81.jpg' alt='' title='EU'  itemprop=\"thumbnailUrl\"  \/><\/a><\/div><\/div><\/div>\n<\/div><\/div><\/div><!-- close content main div --><\/div><\/div><div id='after_section_3' class='main_color av_default_container_wrap container_wrap sidebar_right'   ><div class='container' ><div class='template-page content  av-content-small alpha units'><div class='post-entry post-entry-type-page post-entry-334'><div class='entry-content-wrapper clearfix'>\n<\/div><\/div><\/div><!-- close content main div --><\/div><\/div><div id='av_section_4' class='avia-section main_color avia-section-default avia-no-shadow avia-bg-style-scroll   container_wrap sidebar_right'   ><div class='container' ><div class='template-page content  av-content-small alpha units'><div class='post-entry post-entry-type-page post-entry-334'><div class='entry-content-wrapper clearfix'>\n<div class='avia-button-wrap avia-button-left '><a href='https:\/\/bigdatacentrum.eu\/de\/impressum\/' class='avia-button   avia-icon_select-no avia-color-grey avia-size-small avia-position-left '  target=\"_blank\"   ><span class='avia_iconbox_title' >Impressum<\/span><\/a><\/div>\n<\/div><\/div><\/div><!-- close content main div --><\/div><\/div><div id='after_section_4' class='main_color av_default_container_wrap container_wrap sidebar_right'   ><div class='container' ><div class='template-page content  av-content-small alpha units'><div class='post-entry post-entry-type-page post-entry-334'><div class='entry-content-wrapper clearfix'>\n","protected":false},"excerpt":{"rendered":"","protected":false},"author":2,"featured_media":0,"parent":0,"menu_order":0,"comment_status":"closed","ping_status":"closed","template":"","meta":{"footnotes":""},"class_list":["post-334","page","type-page","status-publish","hentry"],"yoast_head":"<!-- This site is optimized with the Yoast SEO plugin v27.1.1 - https:\/\/yoast.com\/product\/yoast-seo-wordpress\/ -->\n<title>Big Data Centrum | Events1<\/title>\n<meta name=\"robots\" content=\"index, follow, max-snippet:-1, max-image-preview:large, max-video-preview:-1\" \/>\n<link rel=\"canonical\" href=\"https:\/\/bigdatacentrum.eu\/de\/events1\/\" \/>\n<meta property=\"og:locale\" content=\"de_DE\" \/>\n<meta property=\"og:type\" content=\"article\" \/>\n<meta property=\"og:title\" content=\"Big Data Centrum | Events1\" \/>\n<meta property=\"og:url\" content=\"https:\/\/bigdatacentrum.eu\/de\/events1\/\" \/>\n<meta property=\"og:site_name\" content=\"Big Data Centrum\" \/>\n<meta property=\"article:modified_time\" content=\"2017-06-07T11:17:35+00:00\" \/>\n<meta name=\"twitter:card\" content=\"summary_large_image\" \/>\n<meta name=\"twitter:label1\" content=\"Gesch\u00e4tzte Lesezeit\" \/>\n\t<meta name=\"twitter:data1\" content=\"10\u00a0Minuten\" \/>\n<script type=\"application\/ld+json\" class=\"yoast-schema-graph\">{\"@context\":\"https:\/\/schema.org\",\"@graph\":[{\"@type\":\"WebPage\",\"@id\":\"https:\/\/bigdatacentrum.eu\/de\/events1\/\",\"url\":\"https:\/\/bigdatacentrum.eu\/de\/events1\/\",\"name\":\"Big Data Centrum | Events1\",\"isPartOf\":{\"@id\":\"https:\/\/bigdatacentrum.eu\/#website\"},\"datePublished\":\"2016-10-19T10:23:02+00:00\",\"dateModified\":\"2017-06-07T11:17:35+00:00\",\"breadcrumb\":{\"@id\":\"https:\/\/bigdatacentrum.eu\/de\/events1\/#breadcrumb\"},\"inLanguage\":\"de\",\"potentialAction\":[{\"@type\":\"ReadAction\",\"target\":[\"https:\/\/bigdatacentrum.eu\/de\/events1\/\"]}]},{\"@type\":\"BreadcrumbList\",\"@id\":\"https:\/\/bigdatacentrum.eu\/de\/events1\/#breadcrumb\",\"itemListElement\":[{\"@type\":\"ListItem\",\"position\":1,\"name\":\"Dom\u016f\",\"item\":\"https:\/\/bigdatacentrum.eu\/de\/\"},{\"@type\":\"ListItem\",\"position\":2,\"name\":\"Events1\"}]},{\"@type\":\"WebSite\",\"@id\":\"https:\/\/bigdatacentrum.eu\/#website\",\"url\":\"https:\/\/bigdatacentrum.eu\/\",\"name\":\"Big Data Centrum\",\"description\":\"\",\"potentialAction\":[{\"@type\":\"SearchAction\",\"target\":{\"@type\":\"EntryPoint\",\"urlTemplate\":\"https:\/\/bigdatacentrum.eu\/?s={search_term_string}\"},\"query-input\":{\"@type\":\"PropertyValueSpecification\",\"valueRequired\":true,\"valueName\":\"search_term_string\"}}],\"inLanguage\":\"de\"}]}<\/script>\n<!-- \/ Yoast SEO plugin. -->","yoast_head_json":{"title":"Big Data Centrum | Events1","robots":{"index":"index","follow":"follow","max-snippet":"max-snippet:-1","max-image-preview":"max-image-preview:large","max-video-preview":"max-video-preview:-1"},"canonical":"https:\/\/bigdatacentrum.eu\/de\/events1\/","og_locale":"de_DE","og_type":"article","og_title":"Big Data Centrum | Events1","og_url":"https:\/\/bigdatacentrum.eu\/de\/events1\/","og_site_name":"Big Data Centrum","article_modified_time":"2017-06-07T11:17:35+00:00","twitter_card":"summary_large_image","twitter_misc":{"Gesch\u00e4tzte Lesezeit":"10\u00a0Minuten"},"schema":{"@context":"https:\/\/schema.org","@graph":[{"@type":"WebPage","@id":"https:\/\/bigdatacentrum.eu\/de\/events1\/","url":"https:\/\/bigdatacentrum.eu\/de\/events1\/","name":"Big Data Centrum | Events1","isPartOf":{"@id":"https:\/\/bigdatacentrum.eu\/#website"},"datePublished":"2016-10-19T10:23:02+00:00","dateModified":"2017-06-07T11:17:35+00:00","breadcrumb":{"@id":"https:\/\/bigdatacentrum.eu\/de\/events1\/#breadcrumb"},"inLanguage":"de","potentialAction":[{"@type":"ReadAction","target":["https:\/\/bigdatacentrum.eu\/de\/events1\/"]}]},{"@type":"BreadcrumbList","@id":"https:\/\/bigdatacentrum.eu\/de\/events1\/#breadcrumb","itemListElement":[{"@type":"ListItem","position":1,"name":"Dom\u016f","item":"https:\/\/bigdatacentrum.eu\/de\/"},{"@type":"ListItem","position":2,"name":"Events1"}]},{"@type":"WebSite","@id":"https:\/\/bigdatacentrum.eu\/#website","url":"https:\/\/bigdatacentrum.eu\/","name":"Big Data Centrum","description":"","potentialAction":[{"@type":"SearchAction","target":{"@type":"EntryPoint","urlTemplate":"https:\/\/bigdatacentrum.eu\/?s={search_term_string}"},"query-input":{"@type":"PropertyValueSpecification","valueRequired":true,"valueName":"search_term_string"}}],"inLanguage":"de"}]}},"_links":{"self":[{"href":"https:\/\/bigdatacentrum.eu\/de\/wp-json\/wp\/v2\/pages\/334","targetHints":{"allow":["GET"]}}],"collection":[{"href":"https:\/\/bigdatacentrum.eu\/de\/wp-json\/wp\/v2\/pages"}],"about":[{"href":"https:\/\/bigdatacentrum.eu\/de\/wp-json\/wp\/v2\/types\/page"}],"author":[{"embeddable":true,"href":"https:\/\/bigdatacentrum.eu\/de\/wp-json\/wp\/v2\/users\/2"}],"replies":[{"embeddable":true,"href":"https:\/\/bigdatacentrum.eu\/de\/wp-json\/wp\/v2\/comments?post=334"}],"version-history":[{"count":31,"href":"https:\/\/bigdatacentrum.eu\/de\/wp-json\/wp\/v2\/pages\/334\/revisions"}],"predecessor-version":[{"id":1481,"href":"https:\/\/bigdatacentrum.eu\/de\/wp-json\/wp\/v2\/pages\/334\/revisions\/1481"}],"wp:attachment":[{"href":"https:\/\/bigdatacentrum.eu\/de\/wp-json\/wp\/v2\/media?parent=334"}],"curies":[{"name":"wp","href":"https:\/\/api.w.org\/{rel}","templated":true}]}}