{"id":201,"date":"2016-10-17T21:30:22","date_gmt":"2016-10-17T19:30:22","guid":{"rendered":"https:\/\/bigdatacentrum.eu\/de\/?page_id=201"},"modified":"2019-05-23T12:33:51","modified_gmt":"2019-05-23T10:33:51","slug":"o-projektu","status":"publish","type":"page","link":"https:\/\/bigdatacentrum.eu\/de\/o-projektu\/","title":{"rendered":"About project"},"content":{"rendered":"<\/div><\/div><\/div><!-- close content main div --><\/div><\/div><div id='av_section_1' class='avia-section main_color avia-section-no-padding avia-no-border-styling av-parallax-section avia-bg-style-parallax   av-minimum-height av-minimum-height-25 container_wrap sidebar_right'  data-section-bg-repeat='no-repeat' ><div class='av-parallax' data-avia-parallax-ratio='0.3' ><div class='av-parallax-inner main_color  avia-full-stretch' style = 'background-repeat: no-repeat; background-image: url(https:\/\/bigdatacentrum.eu\/wp-content\/uploads\/header_1-1500x430.jpg); background-attachment: scroll; background-position: top center; ' ><\/div><\/div><div class='container' ><div class='template-page content  av-content-small alpha units'><div class='post-entry post-entry-type-page post-entry-201'><div class='entry-content-wrapper clearfix'>\n<div style='padding-bottom:10px;color:#ffffff;font-size:55px;' class='av-special-heading av-special-heading-h2 custom-color-heading blockquote modern-quote modern-centered  av-inherit-size '><h2 class='av-special-heading-tag '  itemprop=\"headline\"  >BDZOS &#8211; Internationales Big Data Zentrum Ostbayern-S\u00fcdb\u00f6hmen<\/h2><div class='special-heading-border'><div class='special-heading-inner-border' style='border-color:#ffffff'><\/div><\/div><\/div>\n<\/div><\/div><\/div><!-- close content main div --><\/div><\/div><div id='after_section_1' class='main_color av_default_container_wrap container_wrap sidebar_right'   ><div class='container' ><div class='template-page content  av-content-small alpha units'><div class='post-entry post-entry-type-page post-entry-201'><div class='entry-content-wrapper clearfix'>\n<\/div><\/div><\/div><!-- close content main div --><\/div><\/div><div class='clear'><\/div><div id='sub_menu1' class='av-submenu-container main_color  av-sticky-submenu container_wrap sidebar_right'   style='z-index:301'><div class='container av-menu-mobile-disabled '><ul id='av-custom-submenu-1' class='av-subnav-menu av-submenu-pos-center'>\n<li class='menu-item menu-item-top-level  menu-item-top-level-1'><a href='https:\/\/bigdatacentrum.eu\/de\/' ><span class='avia-bullet'><\/span><span class='avia-menu-text'>Home<\/span><\/a><\/li>\n<li class='menu-item menu-item-top-level  menu-item-top-level-2'><a href='https:\/\/bigdatacentrum.eu\/de\/#about' ><span class='avia-bullet'><\/span><span class='avia-menu-text'>BigData<\/span><\/a><\/li>\n<li class='menu-item menu-item-top-level  menu-item-top-level-3'><a href='https:\/\/bigdatacentrum.eu\/de\/#o-projektu' ><span class='avia-bullet'><\/span><span class='avia-menu-text'>Das Projekt<\/span><\/a><\/li>\n<li class='menu-item menu-item-top-level  menu-item-top-level-4'><a href='https:\/\/bigdatacentrum.eu\/de\/#conference' ><span class='avia-bullet'><\/span><span class='avia-menu-text'>Seminare<\/span><\/a><\/li>\n<li class='menu-item menu-item-top-level  menu-item-top-level-5'><a href='https:\/\/bigdatacentrum.eu\/de\/#contact' ><span class='avia-bullet'><\/span><span class='avia-menu-text'>Kontakt<\/span><\/a><\/li>\n<\/ul><\/div><\/div><div class='sticky_placeholder'><\/div>\n<\/div><\/div><\/div><!-- close content main div --><\/div><\/div><div id='av_section_2' class='avia-section main_color avia-section-default avia-no-border-styling avia-bg-style-scroll   container_wrap sidebar_right'   ><div class='container' ><div class='template-page content  av-content-small alpha units'><div class='post-entry post-entry-type-page post-entry-201'><div class='entry-content-wrapper clearfix'>\n<div class=\"flex_column av_one_full  flex_column_div first  \" style='padding:0px 10% 0px 10% ; border-radius:0px; '><section class=\"av_textblock_section \"  itemscope=\"itemscope\" itemtype=\"https:\/\/schema.org\/CreativeWork\" ><div class='avia_textblock  '   itemprop=\"text\" ><p><strong>Projektname:<\/strong> BDZOS &#8211; Internationales Big Data Zentrum Ostbayern-S\u00fcdb\u00f6hmen<\/p>\n<p><strong>Projektnummer:<\/strong> 28<\/p>\n<p><strong>Programm:<\/strong> Programm zur grenz\u00fcbergreifenden Zusammenarbeit Freistaat Bayern \u2013 Tschechische Republik Ziel ETZ 2014 \u2013 2020<\/p>\n<p><img loading=\"lazy\" decoding=\"async\" class=\"alignnone size-medium wp-image-214\" src=\"https:\/\/bigdatacentrum.eu\/wp-content\/uploads\/logo-programu-DE-barevn\u011b-300x71.jpg\" alt=\"\" width=\"300\" height=\"71\" srcset=\"https:\/\/bigdatacentrum.eu\/wp-content\/uploads\/logo-programu-DE-barevn\u011b-300x71.jpg 300w, https:\/\/bigdatacentrum.eu\/wp-content\/uploads\/logo-programu-DE-barevn\u011b-710x169.jpg 710w, https:\/\/bigdatacentrum.eu\/wp-content\/uploads\/logo-programu-DE-barevn\u011b-705x167.jpg 705w, https:\/\/bigdatacentrum.eu\/wp-content\/uploads\/logo-programu-DE-barevn\u011b-450x107.jpg 450w, https:\/\/bigdatacentrum.eu\/wp-content\/uploads\/logo-programu-DE-barevn\u011b.jpg 712w\" sizes=\"auto, (max-width: 300px) 100vw, 300px\" \/> <img loading=\"lazy\" decoding=\"async\" class=\"alignnone size-medium wp-image-215\" src=\"https:\/\/bigdatacentrum.eu\/wp-content\/uploads\/logo-UNIE-a-odkaz-na-ERDF-DE-barevn\u011b-300x81.jpg\" alt=\"\" width=\"300\" height=\"81\" srcset=\"https:\/\/bigdatacentrum.eu\/wp-content\/uploads\/logo-UNIE-a-odkaz-na-ERDF-DE-barevn\u011b-300x81.jpg 300w, https:\/\/bigdatacentrum.eu\/wp-content\/uploads\/logo-UNIE-a-odkaz-na-ERDF-DE-barevn\u011b-450x121.jpg 450w, https:\/\/bigdatacentrum.eu\/wp-content\/uploads\/logo-UNIE-a-odkaz-na-ERDF-DE-barevn\u011b.jpg 652w\" sizes=\"auto, (max-width: 300px) 100vw, 300px\" \/><\/p>\n<p><strong>Priorit\u00e4tsachse:<\/strong> 1 St\u00e4rkung von Forschung, technologischer Entwicklung und Innovation<\/p>\n<p><strong>Spezifisches Ziel:<\/strong> Verbesserung der Einbindung von KMU in Forschung und Innovation<\/p>\n<p><strong>Projektbeginn:<\/strong> 1. 7. 2016<\/p>\n<p><strong>Projektende:<\/strong> 30. 6. 2019<\/p>\n<p><strong>Projektzusammenfassung:<\/strong><\/p>\n<p>Big Data und Cloud Computing sind aktuelle Leitthemen im Bereich Digitalisierung. Durch Digitalisierung verf\u00fcgen Unternehmen \u00fcber riesige, oft noch weitgehend ungenutzte Datenmengen. Vor allem amerikanische Unternehmen erzielen spektakul\u00e4re Erfolge dadurch, dass sie ihre Daten mit modernsten Big-Data-Technologien systematisch analysieren und die Grundlage f\u00fcr automatisierte Industrie 4.0-Anwendungen schaffen. Dies erm\u00f6glicht Informations- und Innovationsvorspr\u00fcnge sowie letztlich Wettbewerbsvorteile. Das Potential von Big Data verdeutlicht das Beispiel des Speditionsunternehmens US Xpress: das US-Gro\u00dfunternehmen wertet Sensor- und Geodaten seiner LKW-Flotte gezielt aus und realisiert durch Reduzierung von Leerlaufzeiten und Treibstoffverbrauch j\u00e4hrliche Einsparungen in Millionenh\u00f6he. Auch deutsche und tschechische Gro\u00dfkonzerne r\u00fcsten mittlerweile massiv im Bereich Big Data auf. Die Wirtschaft in der Programmregion wird jedoch von kleineren und mittleren Unternehmen (KMU) dominiert, in denen Big-Data-Anwendungen fast v\u00f6llig fehlen. Ursache sind oft restriktiv hohe Investitionskosten in die eigene Dateninfrastruktur, Fehlen von Awareness und Know-how. Clouddienste bieten Firmen die M\u00f6glichkeit, Software als Service zu nutzen und die Kosten entsprechend zu variabilisieren. Zurzeit fehlen allerdings noch \u00fcberzeugende, auf KMU zugeschnittene Anwendungsbeispiele mit belastbaren Kosten-Nutzen-Analysen sowie kompetente neutrale Ansprechpartner vor Ort. Zudem existieren Vorbehalte hinsichtlich Datensicherheit, besonders f\u00fcr grenz\u00fcberschreitende Dienste und Transaktionen. Ein regionales Big Data Zentrum, das die KMU der Region in Forschung und Innovation im Bereich Big Data einbindet und gemeinsam belastbare und akzeptierte Anwendungsbeispiele entwickelt, kann Abhilfe schaffen und den Wettbewerbsnachteil gegen\u00fcber den Gro\u00dfkonzernen ausgleichen. Bislang sind in der Region erforderliche Kompetenzen nur getrennt in hochleistungsf\u00e4hige IT-Infrastruktur zur Speicherung und Verarbeitung der Datenmengen (Cloud-Technologie und High-Performance-Computing am TC Pisek) und Datenanalyse (TC Grafenau) vorhanden. In dem Vorhaben wird durch die B\u00fcndelung dieser Kompetenzen ein vollausgestattetes Big Data Zentrum aufgebaut. Hierzu geh\u00f6rt neben der Schaffung eines transnationalen Technologietransfer-Programms (bestehend aus Tagungen, Seminaren, KMU-Workshops und Demonstrationslaboren) vor allem der Aufbau der grenz\u00fcberschreitenden technischen Zusammenarbeit. Big-Data-Anwendungen sind technisch hochkomplex, eine Kooperation auf diesem Gebiet erfordert daher die Entwicklung einer entsprechenden Softwarearchitektur und die Erprobung der Zusammenarbeit in Pilot-Projekten. Durch das Projekt erhalten KMU der Region nachhaltig Zugang zu moderner Spitzentechnologie und werden in Forschung und Innovation im Bereich der Digitalisierung integriert. Die S\u00fcdb\u00f6hmische Wirtschaftskammer sorgt f\u00fcr die nachhaltige Vernetzung des Big Data Zentrums in der regionalen Wirtschaft.<\/p>\n<\/div><\/section><\/div><\/div><\/div><\/div><!-- close content main div --><\/div><\/div><div id='after_section_2' class='main_color av_default_container_wrap container_wrap sidebar_right'   ><div class='container' ><div class='template-page content  av-content-small alpha units'><div class='post-entry post-entry-type-page post-entry-201'><div class='entry-content-wrapper clearfix'><\/div><\/div><\/div><!-- close content main div --><\/div><\/div><div id='av_section_3' class='avia-section main_color avia-section-no-padding avia-no-border-styling avia-bg-style-scroll   container_wrap sidebar_right'   ><div class='container' ><div class='template-page content  av-content-small alpha units'><div class='post-entry post-entry-type-page post-entry-201'><div class='entry-content-wrapper clearfix'>\n<div class=\"flex_column av_one_half  flex_column_div av-zero-column-padding first  \" style='border-radius:0px; '><div class='avia-image-container  av-styling-no-styling    avia-align-center '  itemscope=\"itemscope\" itemtype=\"https:\/\/schema.org\/ImageObject\"  ><div class='avia-image-container-inner'><a href='https:\/\/by-cz.eu' class='avia_image'   target=\"_blank\" ><img class='avia_image ' src='https:\/\/bigdatacentrum.eu\/wp-content\/uploads\/logo-programu-DE-barevn\u011b-300x71.jpg' alt='' title='Ziel ETZ'  itemprop=\"thumbnailUrl\"  \/><\/a><\/div><\/div><\/div><div class=\"flex_column av_one_half  flex_column_div av-zero-column-padding   \" style='border-radius:0px; '><div class='avia-image-container  av-styling-no-styling    avia-align-center '  itemscope=\"itemscope\" itemtype=\"https:\/\/schema.org\/ImageObject\"  ><div class='avia-image-container-inner'><a href='https:\/\/ec.europa.eu\/regional_policy\/de\/funding\/erdf\/' class='avia_image'   target=\"_blank\" ><img class='avia_image ' src='https:\/\/bigdatacentrum.eu\/wp-content\/uploads\/logo-UNIE-a-odkaz-na-ERDF-DE-barevn\u011b-300x81.jpg' alt='' title='EU'  itemprop=\"thumbnailUrl\"  \/><\/a><\/div><\/div><\/div>\n<\/div><\/div><\/div><!-- close content main div --><\/div><\/div><div id='after_section_3' class='main_color av_default_container_wrap container_wrap sidebar_right'   ><div class='container' ><div class='template-page content  av-content-small alpha units'><div class='post-entry post-entry-type-page post-entry-201'><div class='entry-content-wrapper clearfix'><\/p>\n<\/div><\/div><\/div><!-- close content main div --><\/div><\/div><div id='av_section_4' class='avia-section main_color avia-section-default avia-no-shadow avia-bg-style-scroll   container_wrap sidebar_right'   ><div class='container' ><div class='template-page content  av-content-small alpha units'><div class='post-entry post-entry-type-page post-entry-201'><div class='entry-content-wrapper clearfix'>\n<div class=\"flex_column av_one_fourth  flex_column_div av-zero-column-padding first  \" style='border-radius:0px; '><section class=\"av_textblock_section \"  itemscope=\"itemscope\" itemtype=\"https:\/\/schema.org\/CreativeWork\" ><div class='avia_textblock  '   itemprop=\"text\" ><p><strong>Technologick\u00e9 centrum P\u00edsek s.r.o.<\/strong><\/p>\n<p>Vladislavova 250<br \/>\n39701 P\u00edsek<br \/>\nTelefon: +420 380 424 411<br \/>\nE-Mail: info@tcpisek.cz<br \/>\nI\u010cO: 279 42 368<\/p>\n<\/div><\/section><\/div><div class=\"flex_column av_one_fourth  flex_column_div av-zero-column-padding   \" style='border-radius:0px; '><section class=\"av_textblock_section \"  itemscope=\"itemscope\" itemtype=\"https:\/\/schema.org\/CreativeWork\" ><div class='avia_textblock  '   itemprop=\"text\" ><p><strong>THD &#8211; Technische Hochschule Deggendorf<\/strong><\/p>\n<p>Edlmairstra\u00dfe 6 und 8<br \/>\n94469 Deggendorf<br \/>\nTelefon: +49 (0)991 3615-0<br \/>\nFax: +49 (0)991 3615-297<br \/>\nE-Mail: info@th-deg.de<br \/>\nRechtsform: K\u00f6rperschaft des \u00d6ffentlichen Rechts<\/p>\n<\/div><\/section><\/div><div class=\"flex_column av_one_fourth  flex_column_div av-zero-column-padding   \" style='border-radius:0px; '><section class=\"av_textblock_section \"  itemscope=\"itemscope\" itemtype=\"https:\/\/schema.org\/CreativeWork\" ><div class='avia_textblock  '   itemprop=\"text\" ><p><strong>Industrie- und Handelskammer f\u00fcr Niederbayern in Passau<\/strong><\/p>\n<p>Hausanschrift:\u00a0Nibelungenstra\u00dfe 15,\u00a094032 Passau<br \/>\nPostanschrift:\u00a0Postfach 1731, 94030\u00a0Passau<br \/>\nTelefon: +49 851 507-0<br \/>\nFax: +49 851 507-280<br \/>\nE-Mail: ihk@passau.ihk.de<br \/>\nDe-Mail: ihk@ihk-niederbayern.de-mail.de<br \/>\nRechtsform: K\u00f6rperschaft des \u00f6ffentlichen Rechts<\/p>\n<\/div><\/section><\/div><div class=\"flex_column av_one_fourth  flex_column_div av-zero-column-padding   \" style='border-radius:0px; '><section class=\"av_textblock_section \"  itemscope=\"itemscope\" itemtype=\"https:\/\/schema.org\/CreativeWork\" ><div class='avia_textblock  '   itemprop=\"text\" ><p><strong>Jiho\u010desk\u00e1 hospod\u00e1\u0159sk\u00e1 komora<\/strong><\/p>\n<p>Husova 9<br \/>\n370 01 \u010cesk\u00e9 Bud\u011bjovice<br \/>\nTel: +420 387 318 433<br \/>\nE-mail: info@jhk.cz<br \/>\nI\u010cO: 482 08 248<\/p>\n<\/div><\/section><\/div>\n<\/div><\/div><\/div><!-- close content main div --><\/div><\/div><div id='after_section_4' class='main_color av_default_container_wrap container_wrap sidebar_right'   ><div class='container' ><div class='template-page content  av-content-small alpha units'><div class='post-entry post-entry-type-page post-entry-201'><div class='entry-content-wrapper clearfix'>\n<\/div><\/div><\/div><!-- close content main div --><\/div><\/div><div id='av_section_5' class='avia-section main_color avia-section-default avia-no-shadow avia-bg-style-scroll   container_wrap sidebar_right'   ><div class='container' ><div class='template-page content  av-content-small alpha units'><div class='post-entry post-entry-type-page post-entry-201'><div class='entry-content-wrapper clearfix'>\n<div class='avia-button-wrap avia-button-left '><a href='https:\/\/bigdatacentrum.eu\/de\/impressum\/' class='avia-button   avia-icon_select-no avia-color-grey avia-size-small avia-position-left '  target=\"_blank\"   ><span class='avia_iconbox_title' >Impressum<\/span><\/a><\/div>\n<\/div><\/div><\/div><!-- close content main div --><\/div><\/div><div id='after_section_5' class='main_color av_default_container_wrap container_wrap sidebar_right'   ><div class='container' ><div class='template-page content  av-content-small alpha units'><div class='post-entry post-entry-type-page post-entry-201'><div class='entry-content-wrapper clearfix'>\n","protected":false},"excerpt":{"rendered":"","protected":false},"author":1,"featured_media":0,"parent":0,"menu_order":0,"comment_status":"closed","ping_status":"closed","template":"","meta":{"footnotes":""},"class_list":["post-201","page","type-page","status-publish","hentry"],"yoast_head":"<!-- This site is optimized with the Yoast SEO plugin v27.1.1 - https:\/\/yoast.com\/product\/yoast-seo-wordpress\/ -->\n<title>Big Data Centrum | About project<\/title>\n<meta name=\"robots\" content=\"index, follow, max-snippet:-1, max-image-preview:large, max-video-preview:-1\" \/>\n<link rel=\"canonical\" href=\"https:\/\/bigdatacentrum.eu\/de\/o-projektu\/\" \/>\n<meta property=\"og:locale\" content=\"de_DE\" \/>\n<meta property=\"og:type\" content=\"article\" \/>\n<meta property=\"og:title\" content=\"Big Data Centrum | About project\" \/>\n<meta property=\"og:url\" content=\"https:\/\/bigdatacentrum.eu\/de\/o-projektu\/\" \/>\n<meta property=\"og:site_name\" content=\"Big Data Centrum\" \/>\n<meta property=\"article:modified_time\" content=\"2019-05-23T10:33:51+00:00\" \/>\n<meta property=\"og:image\" content=\"https:\/\/bigdatacentrum.eu\/wp-content\/uploads\/logo-programu-DE-barevn\u011b-300x71.jpg\" \/>\n<meta name=\"twitter:card\" content=\"summary_large_image\" \/>\n<meta name=\"twitter:label1\" content=\"Gesch\u00e4tzte Lesezeit\" \/>\n\t<meta name=\"twitter:data1\" content=\"8\u00a0Minuten\" \/>\n<script type=\"application\/ld+json\" class=\"yoast-schema-graph\">{\"@context\":\"https:\/\/schema.org\",\"@graph\":[{\"@type\":\"WebPage\",\"@id\":\"https:\/\/bigdatacentrum.eu\/de\/o-projektu\/\",\"url\":\"https:\/\/bigdatacentrum.eu\/de\/o-projektu\/\",\"name\":\"Big Data Centrum | About project\",\"isPartOf\":{\"@id\":\"https:\/\/bigdatacentrum.eu\/#website\"},\"datePublished\":\"2016-10-17T19:30:22+00:00\",\"dateModified\":\"2019-05-23T10:33:51+00:00\",\"breadcrumb\":{\"@id\":\"https:\/\/bigdatacentrum.eu\/de\/o-projektu\/#breadcrumb\"},\"inLanguage\":\"de\",\"potentialAction\":[{\"@type\":\"ReadAction\",\"target\":[\"https:\/\/bigdatacentrum.eu\/de\/o-projektu\/\"]}]},{\"@type\":\"BreadcrumbList\",\"@id\":\"https:\/\/bigdatacentrum.eu\/de\/o-projektu\/#breadcrumb\",\"itemListElement\":[{\"@type\":\"ListItem\",\"position\":1,\"name\":\"Dom\u016f\",\"item\":\"https:\/\/bigdatacentrum.eu\/de\/\"},{\"@type\":\"ListItem\",\"position\":2,\"name\":\"About project\"}]},{\"@type\":\"WebSite\",\"@id\":\"https:\/\/bigdatacentrum.eu\/#website\",\"url\":\"https:\/\/bigdatacentrum.eu\/\",\"name\":\"Big Data Centrum\",\"description\":\"\",\"potentialAction\":[{\"@type\":\"SearchAction\",\"target\":{\"@type\":\"EntryPoint\",\"urlTemplate\":\"https:\/\/bigdatacentrum.eu\/?s={search_term_string}\"},\"query-input\":{\"@type\":\"PropertyValueSpecification\",\"valueRequired\":true,\"valueName\":\"search_term_string\"}}],\"inLanguage\":\"de\"}]}<\/script>\n<!-- \/ Yoast SEO plugin. -->","yoast_head_json":{"title":"Big Data Centrum | About project","robots":{"index":"index","follow":"follow","max-snippet":"max-snippet:-1","max-image-preview":"max-image-preview:large","max-video-preview":"max-video-preview:-1"},"canonical":"https:\/\/bigdatacentrum.eu\/de\/o-projektu\/","og_locale":"de_DE","og_type":"article","og_title":"Big Data Centrum | About project","og_url":"https:\/\/bigdatacentrum.eu\/de\/o-projektu\/","og_site_name":"Big Data Centrum","article_modified_time":"2019-05-23T10:33:51+00:00","og_image":[{"url":"https:\/\/bigdatacentrum.eu\/wp-content\/uploads\/logo-programu-DE-barevn\u011b-300x71.jpg","type":"","width":"","height":""}],"twitter_card":"summary_large_image","twitter_misc":{"Gesch\u00e4tzte Lesezeit":"8\u00a0Minuten"},"schema":{"@context":"https:\/\/schema.org","@graph":[{"@type":"WebPage","@id":"https:\/\/bigdatacentrum.eu\/de\/o-projektu\/","url":"https:\/\/bigdatacentrum.eu\/de\/o-projektu\/","name":"Big Data Centrum | About project","isPartOf":{"@id":"https:\/\/bigdatacentrum.eu\/#website"},"datePublished":"2016-10-17T19:30:22+00:00","dateModified":"2019-05-23T10:33:51+00:00","breadcrumb":{"@id":"https:\/\/bigdatacentrum.eu\/de\/o-projektu\/#breadcrumb"},"inLanguage":"de","potentialAction":[{"@type":"ReadAction","target":["https:\/\/bigdatacentrum.eu\/de\/o-projektu\/"]}]},{"@type":"BreadcrumbList","@id":"https:\/\/bigdatacentrum.eu\/de\/o-projektu\/#breadcrumb","itemListElement":[{"@type":"ListItem","position":1,"name":"Dom\u016f","item":"https:\/\/bigdatacentrum.eu\/de\/"},{"@type":"ListItem","position":2,"name":"About project"}]},{"@type":"WebSite","@id":"https:\/\/bigdatacentrum.eu\/#website","url":"https:\/\/bigdatacentrum.eu\/","name":"Big Data Centrum","description":"","potentialAction":[{"@type":"SearchAction","target":{"@type":"EntryPoint","urlTemplate":"https:\/\/bigdatacentrum.eu\/?s={search_term_string}"},"query-input":{"@type":"PropertyValueSpecification","valueRequired":true,"valueName":"search_term_string"}}],"inLanguage":"de"}]}},"_links":{"self":[{"href":"https:\/\/bigdatacentrum.eu\/de\/wp-json\/wp\/v2\/pages\/201","targetHints":{"allow":["GET"]}}],"collection":[{"href":"https:\/\/bigdatacentrum.eu\/de\/wp-json\/wp\/v2\/pages"}],"about":[{"href":"https:\/\/bigdatacentrum.eu\/de\/wp-json\/wp\/v2\/types\/page"}],"author":[{"embeddable":true,"href":"https:\/\/bigdatacentrum.eu\/de\/wp-json\/wp\/v2\/users\/1"}],"replies":[{"embeddable":true,"href":"https:\/\/bigdatacentrum.eu\/de\/wp-json\/wp\/v2\/comments?post=201"}],"version-history":[{"count":13,"href":"https:\/\/bigdatacentrum.eu\/de\/wp-json\/wp\/v2\/pages\/201\/revisions"}],"predecessor-version":[{"id":1463,"href":"https:\/\/bigdatacentrum.eu\/de\/wp-json\/wp\/v2\/pages\/201\/revisions\/1463"}],"wp:attachment":[{"href":"https:\/\/bigdatacentrum.eu\/de\/wp-json\/wp\/v2\/media?parent=201"}],"curies":[{"name":"wp","href":"https:\/\/api.w.org\/{rel}","templated":true}]}}