{"id":1289,"date":"2019-01-14T16:01:36","date_gmt":"2019-01-14T15:01:36","guid":{"rendered":"https:\/\/bigdatacentrum.eu\/?page_id=1289\/"},"modified":"2019-02-19T13:21:19","modified_gmt":"2019-02-19T12:21:19","slug":"events5","status":"publish","type":"page","link":"https:\/\/bigdatacentrum.eu\/de\/events5\/","title":{"rendered":"Events5"},"content":{"rendered":"<p>&lt;p&gt;<\/div><\/div><\/div><!-- close content main div --><\/div><\/div><div id='av_section_1' class='avia-section main_color avia-section-no-padding avia-no-border-styling av-parallax-section avia-bg-style-parallax   av-minimum-height av-minimum-height-25 container_wrap sidebar_right'  data-section-bg-repeat='no-repeat' ><div class='av-parallax' data-avia-parallax-ratio='0.3' ><div class='av-parallax-inner main_color  avia-full-stretch' style = 'background-repeat: no-repeat; background-image: url(https:\/\/bigdatacentrum.eu\/wp-content\/uploads\/header_1-1500x430.jpg); background-attachment: scroll; background-position: top center; ' ><\/div><\/div><div class='container' ><div class='template-page content  av-content-small alpha units'><div class='post-entry post-entry-type-page post-entry-1289'><div class='entry-content-wrapper clearfix'>&lt;br \/&gt;<div style='padding-bottom:10px;color:#ffffff;font-size:55px;' class='av-special-heading av-special-heading-h2 custom-color-heading blockquote modern-quote modern-centered  av-inherit-size '><h2 class='av-special-heading-tag '  itemprop=\"headline\"  >Datenvisualisierung mit Power BI<\/h2><div class ='av-subheading av-subheading_below av_custom_color ' style='font-size:15px;'><p>&lt;br \/&gt;Seminar&lt;br \/&gt;<\/p>\n<\/div><div class='special-heading-border'><div class='special-heading-inner-border' style='border-color:#ffffff'><\/div><\/div><\/div>&lt;br \/&gt;<\/div><\/div><\/div><!-- close content main div --><\/div><\/div><div id='after_section_1' class='main_color av_default_container_wrap container_wrap sidebar_right'   ><div class='container' ><div class='template-page content  av-content-small alpha units'><div class='post-entry post-entry-type-page post-entry-1289'><div class='entry-content-wrapper clearfix'><\/div><\/div><\/div><!-- close content main div --><\/div><\/div><div class='clear'><\/div><div id='sub_menu1' class='av-submenu-container main_color  av-sticky-submenu container_wrap sidebar_right'   style='z-index:301'><div class='container av-menu-mobile-disabled '><ul id='av-custom-submenu-1' class='av-subnav-menu av-submenu-pos-center'>&lt;br \/&gt;<li class='menu-item menu-item-top-level  menu-item-top-level-1'><a href='https:\/\/bigdatacentrum.eu\/de\/' ><span class='avia-bullet'><\/span><span class='avia-menu-text'>Home<\/span><\/a><\/li>&lt;br \/&gt;<li class='menu-item menu-item-top-level  menu-item-top-level-2'><a href='https:\/\/bigdatacentrum.eu\/de\/#about' ><span class='avia-bullet'><\/span><span class='avia-menu-text'>Big Data<\/span><\/a><\/li>&lt;br \/&gt;<li class='menu-item menu-item-top-level  menu-item-top-level-3'><a href='https:\/\/bigdatacentrum.eu\/de\/#conference' ><span class='avia-bullet'><\/span><span class='avia-menu-text'>Events<\/span><\/a><\/li>&lt;br \/&gt;<li class='menu-item menu-item-top-level  menu-item-top-level-4'><a href='https:\/\/bigdatacentrum.eu\/de\/#contact' ><span class='avia-bullet'><\/span><span class='avia-menu-text'>Kontakt<\/span><\/a><\/li>&lt;br \/&gt;<\/ul><\/div><\/div><div class='sticky_placeholder'><\/div><\/div><\/div><\/div><!-- close content main div --><\/div><\/div><div id='av_section_2' class='avia-section main_color avia-section-default avia-no-border-styling avia-bg-style-scroll   container_wrap sidebar_right'   ><div class='container' ><div class='template-page content  av-content-small alpha units'><div class='post-entry post-entry-type-page post-entry-1289'><div class='entry-content-wrapper clearfix'><section class=\"av_textblock_section \"  itemscope=\"itemscope\" itemtype=\"https:\/\/schema.org\/CreativeWork\" ><div class='avia_textblock  '  style='font-size:20px; '  itemprop=\"text\" ><p>&lt;br \/&gt;&lt;strong&gt;Diskret, kategorial, kardinal oder metrisch \u2013 klingt f\u00fcr Sie nach b\u00f6hmischen D\u00f6rfern? Warum Datenverst\u00e4ndnis der erste wichtige Schritt in der Datenanalyse ist und was Sie bei der grafischen Aufbereitung von Daten beachten m\u00fcssen, erkl\u00e4ren wir in unserem Seminar.&lt;\/strong&gt;&lt;br \/&gt;<\/p>\n<\/div><\/section><div class=\"flex_column av_one_full  no_margin flex_column_div first  \" style='padding:0px 10% 0px 10% ; border-radius:0px; '><section class=\"av_textblock_section \"  itemscope=\"itemscope\" itemtype=\"https:\/\/schema.org\/CreativeWork\" ><div class='avia_textblock  '  style='font-size:16px; '  itemprop=\"text\" ><p>&lt;br \/&gt;&lt;strong&gt;Datum:&lt;\/strong&gt;\u00a0Mittwoch, 20.03.2019&lt;strong&gt;Uhrzeit:&lt;\/strong&gt;\u00a013:00 &#8211; 18:00 Uhr&lt;strong&gt;Ort:&lt;\/strong&gt; Technologiecampus Grafenau, Hauptstra\u00dfe 3, 94481 Grafenau&lt;br \/&gt;<\/p>\n<\/div><\/section><\/div><div class=\"flex_column av_one_full  flex_column_div av-zero-column-padding first  \" style='border-radius:0px; '><section class=\"av_textblock_section \"  itemscope=\"itemscope\" itemtype=\"https:\/\/schema.org\/CreativeWork\" ><div class='avia_textblock  '  style='font-size:16px; '  itemprop=\"text\" ><p>&lt;br \/&gt;Daten k\u00f6nnen viel aussagen. Richtig dargestellt helfen sie Ihnen den \u00dcberblick zu bewahren, argumentativ schlagkr\u00e4ftig aufzutreten und gute Entscheidungen zu treffen. Mit &lt;strong&gt;Microsoft PowerBI&lt;\/strong&gt; k\u00f6nnen Sie schnell und einfach Daten in vielf\u00e4ltiger Weise grafisch aufbereiten, Berichte und Dashboards erstellen.In unserem Seminar gehen wir darauf ein, welche &lt;strong&gt;Arten von Daten&lt;\/strong&gt; es gibt, welche &lt;strong&gt;Darstellungsweise&lt;\/strong&gt; sich f\u00fcr welche Datenart am besten eignet und was Sie dabei beachten sollten. Wir geben Ihnen eine Einf\u00fchrung in die Benutzung des Programmes &lt;strong&gt;Power BI&lt;\/strong&gt; und gehen mit Ihnen an einem Beispieldatensatz Schritt f\u00fcr Schritt durch erste \u00dcbungen.Es handelt sich um ein &lt;strong&gt;Einsteigerseminar&lt;\/strong&gt; mit Fokus auf die &lt;strong&gt;Visualisierung&lt;\/strong&gt; von Daten mit Hilfe des Microsoft-Programmes PowerBI. Es sind keine Vorkenntnisse notwendig. Wir werden in diesem Seminar jedoch keine Berechnungsmethoden vorstellen.Unser Seminar richtet sich an alle, die&lt;\/p&gt;<br \/>\n&lt;li&gt;regelm\u00e4\u00dfig Daten &lt;strong&gt;grafisch aufbereiten&lt;\/strong&gt;, um z.B. Pr\u00e4sentationen und Berichte zu erstellen.&lt;\/li&gt;<br \/>\n&lt;li&gt;sich einen &lt;strong&gt;schnellen Einstieg&lt;\/strong&gt; in das Programm PowerBI w\u00fcnschen.&lt;\/li&gt;<br \/>\n&lt;li&gt;die &lt;strong&gt;Grundregeln&lt;\/strong&gt; der Datenvisualisierung verstehen wollen.&lt;\/li&gt;<br \/>\n&lt;li&gt;ohne gr\u00f6\u00dferen Zeitaufwand ihre Daten &lt;strong&gt;ansprechend&lt;\/strong&gt; optisch darstellen m\u00f6chten.&lt;\/li&gt;<br \/>\n&lt;p&gt;Bitte beachten Sie, dass Sie bereits vor dem Seminar das Programm auf Ihren Laptop &lt;strong&gt;herunterladen und installieren&lt;\/strong&gt; m\u00fcssen. Bei Fragen bez\u00fcglich der Nutzerrechte, wenden Sie sich bitte an Ihren Systemadministrator oder technischen Support.Die Teilnahme ist kostenfrei, die Teilnehmerzahl ist begrenzt. Bitte melden Sie sich bis &lt;strong&gt;14.03.2019&lt;\/strong&gt; an.&lt;br \/&gt;<\/p>\n<\/div><\/section><\/div><div class='avia-button-wrap avia-button-center '><a href='https:\/\/www.bigdatacentrum.eu\/de\/#registration' class='avia-button avia-button-fullwidth   avia-icon_select-no avia-color-theme-color '  style='color:#ffffff; ' ><span class='avia_iconbox_title' >Jetzt anmelden<\/span><span class='avia_button_background avia-button avia-button-fullwidth avia-color-theme-color' ><\/span><\/a><\/div><\/div><\/div><\/div><!-- close content main div --><\/div><\/div><div id='after_section_2' class='main_color av_default_container_wrap container_wrap sidebar_right'   ><div class='container' ><div class='template-page content  av-content-small alpha units'><div class='post-entry post-entry-type-page post-entry-1289'><div class='entry-content-wrapper clearfix'><\/div><\/div><\/div><!-- close content main div --><\/div><\/div><div id='av_section_3' class='avia-section main_color avia-section-no-padding avia-no-border-styling avia-bg-style-scroll   container_wrap sidebar_right'   ><div class='container' ><div class='template-page content  av-content-small alpha units'><div class='post-entry post-entry-type-page post-entry-1289'><div class='entry-content-wrapper clearfix'>&lt;br \/&gt;<div class=\"flex_column av_one_half  flex_column_div av-zero-column-padding first  \" style='border-radius:0px; '><div class='avia-image-container  av-styling-no-styling    avia-align-center '  itemscope=\"itemscope\" itemtype=\"https:\/\/schema.org\/ImageObject\"  ><div class='avia-image-container-inner'><a href='https:\/\/by-cz.eu' class='avia_image'   target=\"_blank\" ><img class='avia_image ' src='https:\/\/bigdatacentrum.eu\/wp-content\/uploads\/logo-programu-DE-barevn\u011b-300x71.jpg' alt='' title='Ziel ETZ'  itemprop=\"thumbnailUrl\"  \/><\/a><\/div><\/div><\/div><div class=\"flex_column av_one_half  flex_column_div av-zero-column-padding   \" style='border-radius:0px; '><div class='avia-image-container  av-styling-no-styling    avia-align-center '  itemscope=\"itemscope\" itemtype=\"https:\/\/schema.org\/ImageObject\"  ><div class='avia-image-container-inner'><a href='https:\/\/ec.europa.eu\/regional_policy\/de\/funding\/erdf\/' class='avia_image'   target=\"_blank\" ><img class='avia_image ' src='https:\/\/bigdatacentrum.eu\/wp-content\/uploads\/logo-UNIE-a-odkaz-na-ERDF-DE-barevn\u011b-300x81.jpg' alt='' title='EU'  itemprop=\"thumbnailUrl\"  \/><\/a><\/div><\/div><\/div>&lt;br \/&gt;<\/div><\/div><\/div><!-- close content main div --><\/div><\/div><div id='after_section_3' class='main_color av_default_container_wrap container_wrap sidebar_right'   ><div class='container' ><div class='template-page content  av-content-small alpha units'><div class='post-entry post-entry-type-page post-entry-1289'><div class='entry-content-wrapper clearfix'><\/div><\/div><\/div><!-- close content main div --><\/div><\/div><div id='av_section_4' class='avia-section main_color avia-section-default avia-no-shadow avia-bg-style-scroll   container_wrap sidebar_right'   ><div class='container' ><div class='template-page content  av-content-small alpha units'><div class='post-entry post-entry-type-page post-entry-1289'><div class='entry-content-wrapper clearfix'>&lt;br \/&gt;<div class='avia-button-wrap avia-button-left '><a href='https:\/\/bigdatacentrum.eu\/de\/impressum\/' class='avia-button   avia-icon_select-no avia-color-grey avia-size-small avia-position-left '  target=\"_blank\"   ><span class='avia_iconbox_title' >Impressum<\/span><\/a><\/div>&lt;br \/&gt;<\/div><\/div><\/div><!-- close content main div --><\/div><\/div><div id='after_section_4' class='main_color av_default_container_wrap container_wrap sidebar_right'   ><div class='container' ><div class='template-page content  av-content-small alpha units'><div class='post-entry post-entry-type-page post-entry-1289'><div class='entry-content-wrapper clearfix'>&lt;\/p&gt;<\/p>\n","protected":false},"excerpt":{"rendered":"<p>&lt;p&gt;&lt;\/p&gt;<\/p>\n","protected":false},"author":3,"featured_media":0,"parent":0,"menu_order":0,"comment_status":"closed","ping_status":"closed","template":"","meta":{"footnotes":""},"class_list":["post-1289","page","type-page","status-publish","hentry"],"yoast_head":"<!-- This site is optimized with the Yoast SEO plugin v27.1.1 - https:\/\/yoast.com\/product\/yoast-seo-wordpress\/ -->\n<title>Big Data Centrum | Events5<\/title>\n<meta name=\"robots\" content=\"index, follow, max-snippet:-1, max-image-preview:large, max-video-preview:-1\" \/>\n<link rel=\"canonical\" href=\"https:\/\/bigdatacentrum.eu\/de\/events5\/\" \/>\n<meta property=\"og:locale\" content=\"de_DE\" \/>\n<meta property=\"og:type\" content=\"article\" \/>\n<meta property=\"og:title\" content=\"Big Data Centrum | Events5\" \/>\n<meta property=\"og:description\" content=\"&lt;p&gt;&lt;\/p&gt;\" \/>\n<meta property=\"og:url\" content=\"https:\/\/bigdatacentrum.eu\/de\/events5\/\" \/>\n<meta property=\"og:site_name\" content=\"Big Data Centrum\" \/>\n<meta property=\"article:modified_time\" content=\"2019-02-19T12:21:19+00:00\" \/>\n<meta name=\"twitter:card\" content=\"summary_large_image\" \/>\n<meta name=\"twitter:label1\" content=\"Gesch\u00e4tzte Lesezeit\" \/>\n\t<meta name=\"twitter:data1\" content=\"7\u00a0Minuten\" \/>\n<script type=\"application\/ld+json\" class=\"yoast-schema-graph\">{\"@context\":\"https:\/\/schema.org\",\"@graph\":[{\"@type\":\"WebPage\",\"@id\":\"https:\/\/bigdatacentrum.eu\/de\/events5\/\",\"url\":\"https:\/\/bigdatacentrum.eu\/de\/events5\/\",\"name\":\"Big Data Centrum | Events5\",\"isPartOf\":{\"@id\":\"https:\/\/bigdatacentrum.eu\/#website\"},\"datePublished\":\"2019-01-14T15:01:36+00:00\",\"dateModified\":\"2019-02-19T12:21:19+00:00\",\"breadcrumb\":{\"@id\":\"https:\/\/bigdatacentrum.eu\/de\/events5\/#breadcrumb\"},\"inLanguage\":\"de\",\"potentialAction\":[{\"@type\":\"ReadAction\",\"target\":[\"https:\/\/bigdatacentrum.eu\/de\/events5\/\"]}]},{\"@type\":\"BreadcrumbList\",\"@id\":\"https:\/\/bigdatacentrum.eu\/de\/events5\/#breadcrumb\",\"itemListElement\":[{\"@type\":\"ListItem\",\"position\":1,\"name\":\"Dom\u016f\",\"item\":\"https:\/\/bigdatacentrum.eu\/de\/\"},{\"@type\":\"ListItem\",\"position\":2,\"name\":\"Events5\"}]},{\"@type\":\"WebSite\",\"@id\":\"https:\/\/bigdatacentrum.eu\/#website\",\"url\":\"https:\/\/bigdatacentrum.eu\/\",\"name\":\"Big Data Centrum\",\"description\":\"\",\"potentialAction\":[{\"@type\":\"SearchAction\",\"target\":{\"@type\":\"EntryPoint\",\"urlTemplate\":\"https:\/\/bigdatacentrum.eu\/?s={search_term_string}\"},\"query-input\":{\"@type\":\"PropertyValueSpecification\",\"valueRequired\":true,\"valueName\":\"search_term_string\"}}],\"inLanguage\":\"de\"}]}<\/script>\n<!-- \/ Yoast SEO plugin. -->","yoast_head_json":{"title":"Big Data Centrum | Events5","robots":{"index":"index","follow":"follow","max-snippet":"max-snippet:-1","max-image-preview":"max-image-preview:large","max-video-preview":"max-video-preview:-1"},"canonical":"https:\/\/bigdatacentrum.eu\/de\/events5\/","og_locale":"de_DE","og_type":"article","og_title":"Big Data Centrum | Events5","og_description":"&lt;p&gt;&lt;\/p&gt;","og_url":"https:\/\/bigdatacentrum.eu\/de\/events5\/","og_site_name":"Big Data Centrum","article_modified_time":"2019-02-19T12:21:19+00:00","twitter_card":"summary_large_image","twitter_misc":{"Gesch\u00e4tzte Lesezeit":"7\u00a0Minuten"},"schema":{"@context":"https:\/\/schema.org","@graph":[{"@type":"WebPage","@id":"https:\/\/bigdatacentrum.eu\/de\/events5\/","url":"https:\/\/bigdatacentrum.eu\/de\/events5\/","name":"Big Data Centrum | Events5","isPartOf":{"@id":"https:\/\/bigdatacentrum.eu\/#website"},"datePublished":"2019-01-14T15:01:36+00:00","dateModified":"2019-02-19T12:21:19+00:00","breadcrumb":{"@id":"https:\/\/bigdatacentrum.eu\/de\/events5\/#breadcrumb"},"inLanguage":"de","potentialAction":[{"@type":"ReadAction","target":["https:\/\/bigdatacentrum.eu\/de\/events5\/"]}]},{"@type":"BreadcrumbList","@id":"https:\/\/bigdatacentrum.eu\/de\/events5\/#breadcrumb","itemListElement":[{"@type":"ListItem","position":1,"name":"Dom\u016f","item":"https:\/\/bigdatacentrum.eu\/de\/"},{"@type":"ListItem","position":2,"name":"Events5"}]},{"@type":"WebSite","@id":"https:\/\/bigdatacentrum.eu\/#website","url":"https:\/\/bigdatacentrum.eu\/","name":"Big Data Centrum","description":"","potentialAction":[{"@type":"SearchAction","target":{"@type":"EntryPoint","urlTemplate":"https:\/\/bigdatacentrum.eu\/?s={search_term_string}"},"query-input":{"@type":"PropertyValueSpecification","valueRequired":true,"valueName":"search_term_string"}}],"inLanguage":"de"}]}},"_links":{"self":[{"href":"https:\/\/bigdatacentrum.eu\/de\/wp-json\/wp\/v2\/pages\/1289","targetHints":{"allow":["GET"]}}],"collection":[{"href":"https:\/\/bigdatacentrum.eu\/de\/wp-json\/wp\/v2\/pages"}],"about":[{"href":"https:\/\/bigdatacentrum.eu\/de\/wp-json\/wp\/v2\/types\/page"}],"author":[{"embeddable":true,"href":"https:\/\/bigdatacentrum.eu\/de\/wp-json\/wp\/v2\/users\/3"}],"replies":[{"embeddable":true,"href":"https:\/\/bigdatacentrum.eu\/de\/wp-json\/wp\/v2\/comments?post=1289"}],"version-history":[{"count":9,"href":"https:\/\/bigdatacentrum.eu\/de\/wp-json\/wp\/v2\/pages\/1289\/revisions"}],"predecessor-version":[{"id":1392,"href":"https:\/\/bigdatacentrum.eu\/de\/wp-json\/wp\/v2\/pages\/1289\/revisions\/1392"}],"wp:attachment":[{"href":"https:\/\/bigdatacentrum.eu\/de\/wp-json\/wp\/v2\/media?parent=1289"}],"curies":[{"name":"wp","href":"https:\/\/api.w.org\/{rel}","templated":true}]}}