{"id":1224,"date":"2018-09-27T13:23:58","date_gmt":"2018-09-27T11:23:58","guid":{"rendered":"https:\/\/bigdatacentrum.eu\/?page_id=1224\/"},"modified":"2018-11-23T11:40:17","modified_gmt":"2018-11-23T10:40:17","slug":"events4","status":"publish","type":"page","link":"https:\/\/bigdatacentrum.eu\/de\/events4\/","title":{"rendered":"Events4"},"content":{"rendered":"<\/div><\/div><\/div><!-- close content main div --><\/div><\/div><div id='av_section_1' class='avia-section main_color avia-section-no-padding avia-no-border-styling av-parallax-section avia-bg-style-parallax   av-minimum-height av-minimum-height-25 container_wrap sidebar_right'  data-section-bg-repeat='no-repeat' ><div class='av-parallax' data-avia-parallax-ratio='0.3' ><div class='av-parallax-inner main_color  avia-full-stretch' style = 'background-repeat: no-repeat; background-image: url(https:\/\/bigdatacentrum.eu\/wp-content\/uploads\/header_1-1500x430.jpg); background-attachment: scroll; background-position: top center; ' ><\/div><\/div><div class='container' ><div class='template-page content  av-content-small alpha units'><div class='post-entry post-entry-type-page post-entry-1224'><div class='entry-content-wrapper clearfix'>\n<div style='padding-bottom:10px;color:#ffffff;font-size:55px;' class='av-special-heading av-special-heading-h2 custom-color-heading blockquote modern-quote modern-centered  av-inherit-size '><h2 class='av-special-heading-tag '  itemprop=\"headline\"  >Grundlagen der Prognose<\/h2><div class ='av-subheading av-subheading_below av_custom_color ' style='font-size:15px;'><p>Seminar<\/p>\n<\/div><div class='special-heading-border'><div class='special-heading-inner-border' style='border-color:#ffffff'><\/div><\/div><\/div>\n<\/div><\/div><\/div><!-- close content main div --><\/div><\/div><div id='after_section_1' class='main_color av_default_container_wrap container_wrap sidebar_right'   ><div class='container' ><div class='template-page content  av-content-small alpha units'><div class='post-entry post-entry-type-page post-entry-1224'><div class='entry-content-wrapper clearfix'>\n<\/div><\/div><\/div><!-- close content main div --><\/div><\/div><div class='clear'><\/div><div id='sub_menu1' class='av-submenu-container main_color  av-sticky-submenu container_wrap sidebar_right'   style='z-index:301'><div class='container av-menu-mobile-disabled '><ul id='av-custom-submenu-1' class='av-subnav-menu av-submenu-pos-center'>\n<li class='menu-item menu-item-top-level  menu-item-top-level-1'><a href='https:\/\/bigdatacentrum.eu\/de\/' ><span class='avia-bullet'><\/span><span class='avia-menu-text'>Home<\/span><\/a><\/li>\n<li class='menu-item menu-item-top-level  menu-item-top-level-2'><a href='https:\/\/bigdatacentrum.eu\/de\/#about' ><span class='avia-bullet'><\/span><span class='avia-menu-text'>Big Data<\/span><\/a><\/li>\n<li class='menu-item menu-item-top-level  menu-item-top-level-3'><a href='https:\/\/bigdatacentrum.eu\/de\/#conference' ><span class='avia-bullet'><\/span><span class='avia-menu-text'>Events<\/span><\/a><\/li>\n<li class='menu-item menu-item-top-level  menu-item-top-level-4'><a href='https:\/\/bigdatacentrum.eu\/de\/#contact' ><span class='avia-bullet'><\/span><span class='avia-menu-text'>Kontakt<\/span><\/a><\/li>\n<\/ul><\/div><\/div><div class='sticky_placeholder'><\/div>\n<\/div><\/div><\/div><!-- close content main div --><\/div><\/div><div id='av_section_2' class='avia-section main_color avia-section-default avia-no-border-styling avia-bg-style-scroll   container_wrap sidebar_right' style = 'background-repeat: no-repeat; background-image: url(https:\/\/bigdatacentrum.eu\/wp-content\/uploads\/logo_chobotnice-169x300.png); background-attachment: scroll; background-position: center right; ' data-section-bg-repeat='no-repeat' ><div class='container' ><div class='template-page content  av-content-small alpha units'><div class='post-entry post-entry-type-page post-entry-1224'><div class='entry-content-wrapper clearfix'>\n<section class=\"av_textblock_section \"  itemscope=\"itemscope\" itemtype=\"https:\/\/schema.org\/CreativeWork\" ><div class='avia_textblock  '  style='font-size:20px; '  itemprop=\"text\" ><p>Was kaufen meine Kunden morgen?\u00a0Wieviel soll ich bestellen?\u00a0Wann brauche ich welche Teile?<br \/>\nFragen wie diese beantworten Sie t\u00e4glich aus Erfahrung.<br \/>\nWie Prognosen Ihre Einsch\u00e4tzung verfeinern und Sie sich damit viel Zeit und Geld sparen k\u00f6nnen, erfahren Sie in unserem Prognoseseminar. Wir zeigen Ihnen einfache Berechnungen und Methoden, um Ihr Bauchgef\u00fchl mit Hilfe Ihrer Daten zu verbessern.<\/p>\n<\/div><\/section>\n<div class=\"flex_column av_one_full  no_margin flex_column_div first  \" style='padding:0px 10% 0px 10% ; border-radius:0px; '><section class=\"av_textblock_section \"  itemscope=\"itemscope\" itemtype=\"https:\/\/schema.org\/CreativeWork\" ><div class='avia_textblock  '  style='font-size:16px; '  itemprop=\"text\" ><p><strong>Datum:<\/strong> Donnerstag, 15.11.2018<\/p>\n<p><strong>Uhrzeit:<\/strong>\u00a09:00 &#8211; 16:00 Uhr<\/p>\n<p><strong>Ort:<\/strong> Technologiecampus Grafenau, Hauptstra\u00dfe 3, 94481 Grafenau<\/p>\n<\/div><\/section><\/div><div class=\"flex_column av_one_full  flex_column_div av-zero-column-padding first  \" style='border-radius:0px; '><section class=\"av_textblock_section \"  itemscope=\"itemscope\" itemtype=\"https:\/\/schema.org\/CreativeWork\" ><div class='avia_textblock  '  style='font-size:16px; '  itemprop=\"text\" ><p>In unserem Seminar wird Ihnen eine Einf\u00fchrung in das Thema Prognosen vermittelt. Wir zeigen Ihnen wie diese funktionieren, stellen Ihnen einfache Methoden vor und erkl\u00e4ren Ihnen, wann Sie diese anwenden k\u00f6nnen. Sie lernen wie man Trends und saisonale Schwankungen erkennt und rechnen erste Beispiele selbstst\u00e4ndig auf Ihrem Laptop durch.<\/p>\n<p>Dieses kostenlose Angebot richtet sich vorwiegend an KMU der Regionen Ostbayern und S\u00fcdb\u00f6hmen. Die Teilnehmerzahl ist beschr\u00e4nkt.<\/p>\n<\/div><\/section><\/div>\n<\/div><\/div><\/div><!-- close content main div --><\/div><\/div><div id='after_section_2' class='main_color av_default_container_wrap container_wrap sidebar_right'   ><div class='container' ><div class='template-page content  av-content-small alpha units'><div class='post-entry post-entry-type-page post-entry-1224'><div class='entry-content-wrapper clearfix'>\n<div id='av-masonry-1' class='av-masonry noHover av-flex-size av-no-gap av-hover-overlay-active av-masonry-col-flexible av-caption-always av-caption-style- av-masonry-gallery     '  ><div class='av-masonry-container isotope av-js-disabled ' ><div class='av-masonry-entry isotope-item av-masonry-item-no-image '><\/div><a href=\"https:\/\/bigdatacentrum.eu\/wp-content\/uploads\/20181115_Bild04-1030x686.jpg\" id='av-masonry-1-item-1277' data-av-masonry-item='1277' class='av-masonry-entry isotope-item post-1277 attachment type-attachment status-inherit hentry  av-masonry-item-with-image' title=\"Prognoseseminar_01\"  itemprop=\"thumbnailUrl\" ><div class='av-inner-masonry-sizer'><\/div><figure class='av-inner-masonry main_color'><div class=\"av-masonry-outerimage-container\"><div class=\"av-masonry-image-container\" style=\"background-image: url(https:\/\/bigdatacentrum.eu\/wp-content\/uploads\/20181115_Bild04-705x470.jpg);\"><img decoding=\"async\" src=\"https:\/\/bigdatacentrum.eu\/wp-content\/uploads\/20181115_Bild04-705x470.jpg\" title=\"20181115_Bild04\" alt=\"\" \/><\/div><\/div><\/figure><\/a><!--end av-masonry entry--><a href=\"https:\/\/bigdatacentrum.eu\/wp-content\/uploads\/20181115_Bild06-1030x686.jpg\" id='av-masonry-1-item-1278' data-av-masonry-item='1278' class='av-masonry-entry isotope-item post-1278 attachment type-attachment status-inherit hentry  av-masonry-item-with-image' title=\"Prognoseseminar_02\"  itemprop=\"thumbnailUrl\" ><div class='av-inner-masonry-sizer'><\/div><figure class='av-inner-masonry main_color'><div class=\"av-masonry-outerimage-container\"><div class=\"av-masonry-image-container\" style=\"background-image: url(https:\/\/bigdatacentrum.eu\/wp-content\/uploads\/20181115_Bild06-705x470.jpg);\"><img decoding=\"async\" src=\"https:\/\/bigdatacentrum.eu\/wp-content\/uploads\/20181115_Bild06-705x470.jpg\" title=\"20181115_Bild06\" alt=\"\" \/><\/div><\/div><\/figure><\/a><!--end av-masonry entry--><a href=\"https:\/\/bigdatacentrum.eu\/wp-content\/uploads\/20181115_Bild11-1030x686.jpg\" id='av-masonry-1-item-1279' data-av-masonry-item='1279' class='av-masonry-entry isotope-item post-1279 attachment type-attachment status-inherit hentry  av-masonry-item-with-image' title=\"Prognoseseminar_03\"  itemprop=\"thumbnailUrl\" ><div class='av-inner-masonry-sizer'><\/div><figure class='av-inner-masonry main_color'><div class=\"av-masonry-outerimage-container\"><div class=\"av-masonry-image-container\" style=\"background-image: url(https:\/\/bigdatacentrum.eu\/wp-content\/uploads\/20181115_Bild11-705x470.jpg);\"><img decoding=\"async\" src=\"https:\/\/bigdatacentrum.eu\/wp-content\/uploads\/20181115_Bild11-705x470.jpg\" title=\"20181115_Bild11\" alt=\"\" \/><\/div><\/div><\/figure><\/a><!--end av-masonry entry--><\/div><\/div>\n<\/div><\/div><\/div><!-- close content main div --><\/div><\/div><div id='av_section_3' class='avia-section main_color avia-section-no-padding avia-no-border-styling avia-bg-style-scroll   container_wrap sidebar_right'   ><div class='container' ><div class='template-page content  av-content-small alpha units'><div class='post-entry post-entry-type-page post-entry-1224'><div class='entry-content-wrapper clearfix'>\n<div class=\"flex_column av_one_half  flex_column_div av-zero-column-padding first  \" style='border-radius:0px; '><div class='avia-image-container  av-styling-no-styling    avia-align-center '  itemscope=\"itemscope\" itemtype=\"https:\/\/schema.org\/ImageObject\"  ><div class='avia-image-container-inner'><a href='https:\/\/by-cz.eu' class='avia_image'   target=\"_blank\" ><img class='avia_image ' src='https:\/\/bigdatacentrum.eu\/wp-content\/uploads\/logo-programu-DE-barevn\u011b-300x71.jpg' alt='' title='Ziel ETZ'  itemprop=\"thumbnailUrl\"  \/><\/a><\/div><\/div><\/div><div class=\"flex_column av_one_half  flex_column_div av-zero-column-padding   \" style='border-radius:0px; '><div class='avia-image-container  av-styling-no-styling    avia-align-center '  itemscope=\"itemscope\" itemtype=\"https:\/\/schema.org\/ImageObject\"  ><div class='avia-image-container-inner'><a href='https:\/\/ec.europa.eu\/regional_policy\/de\/funding\/erdf\/' class='avia_image'   target=\"_blank\" ><img class='avia_image ' src='https:\/\/bigdatacentrum.eu\/wp-content\/uploads\/logo-UNIE-a-odkaz-na-ERDF-DE-barevn\u011b-300x81.jpg' alt='' title='EU'  itemprop=\"thumbnailUrl\"  \/><\/a><\/div><\/div><\/div>\n<\/div><\/div><\/div><!-- close content main div --><\/div><\/div><div id='after_section_3' class='main_color av_default_container_wrap container_wrap sidebar_right'   ><div class='container' ><div class='template-page content  av-content-small alpha units'><div class='post-entry post-entry-type-page post-entry-1224'><div class='entry-content-wrapper clearfix'>\n<\/div><\/div><\/div><!-- close content main div --><\/div><\/div><div id='av_section_4' class='avia-section main_color avia-section-default avia-no-shadow avia-bg-style-scroll   container_wrap sidebar_right'   ><div class='container' ><div class='template-page content  av-content-small alpha units'><div class='post-entry post-entry-type-page post-entry-1224'><div class='entry-content-wrapper clearfix'>\n<div class='avia-button-wrap avia-button-left '><a href='https:\/\/bigdatacentrum.eu\/de\/impressum\/' class='avia-button   avia-icon_select-no avia-color-grey avia-size-small avia-position-left '  target=\"_blank\"   ><span class='avia_iconbox_title' >Impressum<\/span><\/a><\/div>\n<\/div><\/div><\/div><!-- close content main div --><\/div><\/div><div id='after_section_4' class='main_color av_default_container_wrap container_wrap sidebar_right'   ><div class='container' ><div class='template-page content  av-content-small alpha units'><div class='post-entry post-entry-type-page post-entry-1224'><div class='entry-content-wrapper clearfix'>\n","protected":false},"excerpt":{"rendered":"","protected":false},"author":3,"featured_media":0,"parent":0,"menu_order":0,"comment_status":"closed","ping_status":"closed","template":"","meta":{"footnotes":""},"class_list":["post-1224","page","type-page","status-publish","hentry"],"yoast_head":"<!-- This site is optimized with the Yoast SEO plugin v27.1.1 - https:\/\/yoast.com\/product\/yoast-seo-wordpress\/ -->\n<title>Big Data Centrum | Events4<\/title>\n<meta name=\"robots\" content=\"index, follow, max-snippet:-1, max-image-preview:large, max-video-preview:-1\" \/>\n<link rel=\"canonical\" href=\"https:\/\/bigdatacentrum.eu\/de\/events4\/\" \/>\n<meta property=\"og:locale\" content=\"de_DE\" \/>\n<meta property=\"og:type\" content=\"article\" \/>\n<meta property=\"og:title\" content=\"Big Data Centrum | Events4\" \/>\n<meta property=\"og:url\" content=\"https:\/\/bigdatacentrum.eu\/de\/events4\/\" \/>\n<meta property=\"og:site_name\" content=\"Big Data Centrum\" \/>\n<meta property=\"article:modified_time\" content=\"2018-11-23T10:40:17+00:00\" \/>\n<meta name=\"twitter:card\" content=\"summary_large_image\" \/>\n<meta name=\"twitter:label1\" content=\"Gesch\u00e4tzte Lesezeit\" \/>\n\t<meta name=\"twitter:data1\" content=\"5\u00a0Minuten\" \/>\n<script type=\"application\/ld+json\" class=\"yoast-schema-graph\">{\"@context\":\"https:\/\/schema.org\",\"@graph\":[{\"@type\":\"WebPage\",\"@id\":\"https:\/\/bigdatacentrum.eu\/de\/events4\/\",\"url\":\"https:\/\/bigdatacentrum.eu\/de\/events4\/\",\"name\":\"Big Data Centrum | Events4\",\"isPartOf\":{\"@id\":\"https:\/\/bigdatacentrum.eu\/#website\"},\"datePublished\":\"2018-09-27T11:23:58+00:00\",\"dateModified\":\"2018-11-23T10:40:17+00:00\",\"breadcrumb\":{\"@id\":\"https:\/\/bigdatacentrum.eu\/de\/events4\/#breadcrumb\"},\"inLanguage\":\"de\",\"potentialAction\":[{\"@type\":\"ReadAction\",\"target\":[\"https:\/\/bigdatacentrum.eu\/de\/events4\/\"]}]},{\"@type\":\"BreadcrumbList\",\"@id\":\"https:\/\/bigdatacentrum.eu\/de\/events4\/#breadcrumb\",\"itemListElement\":[{\"@type\":\"ListItem\",\"position\":1,\"name\":\"Dom\u016f\",\"item\":\"https:\/\/bigdatacentrum.eu\/de\/\"},{\"@type\":\"ListItem\",\"position\":2,\"name\":\"Events4\"}]},{\"@type\":\"WebSite\",\"@id\":\"https:\/\/bigdatacentrum.eu\/#website\",\"url\":\"https:\/\/bigdatacentrum.eu\/\",\"name\":\"Big Data Centrum\",\"description\":\"\",\"potentialAction\":[{\"@type\":\"SearchAction\",\"target\":{\"@type\":\"EntryPoint\",\"urlTemplate\":\"https:\/\/bigdatacentrum.eu\/?s={search_term_string}\"},\"query-input\":{\"@type\":\"PropertyValueSpecification\",\"valueRequired\":true,\"valueName\":\"search_term_string\"}}],\"inLanguage\":\"de\"}]}<\/script>\n<!-- \/ Yoast SEO plugin. -->","yoast_head_json":{"title":"Big Data Centrum | Events4","robots":{"index":"index","follow":"follow","max-snippet":"max-snippet:-1","max-image-preview":"max-image-preview:large","max-video-preview":"max-video-preview:-1"},"canonical":"https:\/\/bigdatacentrum.eu\/de\/events4\/","og_locale":"de_DE","og_type":"article","og_title":"Big Data Centrum | Events4","og_url":"https:\/\/bigdatacentrum.eu\/de\/events4\/","og_site_name":"Big Data Centrum","article_modified_time":"2018-11-23T10:40:17+00:00","twitter_card":"summary_large_image","twitter_misc":{"Gesch\u00e4tzte Lesezeit":"5\u00a0Minuten"},"schema":{"@context":"https:\/\/schema.org","@graph":[{"@type":"WebPage","@id":"https:\/\/bigdatacentrum.eu\/de\/events4\/","url":"https:\/\/bigdatacentrum.eu\/de\/events4\/","name":"Big Data Centrum | Events4","isPartOf":{"@id":"https:\/\/bigdatacentrum.eu\/#website"},"datePublished":"2018-09-27T11:23:58+00:00","dateModified":"2018-11-23T10:40:17+00:00","breadcrumb":{"@id":"https:\/\/bigdatacentrum.eu\/de\/events4\/#breadcrumb"},"inLanguage":"de","potentialAction":[{"@type":"ReadAction","target":["https:\/\/bigdatacentrum.eu\/de\/events4\/"]}]},{"@type":"BreadcrumbList","@id":"https:\/\/bigdatacentrum.eu\/de\/events4\/#breadcrumb","itemListElement":[{"@type":"ListItem","position":1,"name":"Dom\u016f","item":"https:\/\/bigdatacentrum.eu\/de\/"},{"@type":"ListItem","position":2,"name":"Events4"}]},{"@type":"WebSite","@id":"https:\/\/bigdatacentrum.eu\/#website","url":"https:\/\/bigdatacentrum.eu\/","name":"Big Data Centrum","description":"","potentialAction":[{"@type":"SearchAction","target":{"@type":"EntryPoint","urlTemplate":"https:\/\/bigdatacentrum.eu\/?s={search_term_string}"},"query-input":{"@type":"PropertyValueSpecification","valueRequired":true,"valueName":"search_term_string"}}],"inLanguage":"de"}]}},"_links":{"self":[{"href":"https:\/\/bigdatacentrum.eu\/de\/wp-json\/wp\/v2\/pages\/1224","targetHints":{"allow":["GET"]}}],"collection":[{"href":"https:\/\/bigdatacentrum.eu\/de\/wp-json\/wp\/v2\/pages"}],"about":[{"href":"https:\/\/bigdatacentrum.eu\/de\/wp-json\/wp\/v2\/types\/page"}],"author":[{"embeddable":true,"href":"https:\/\/bigdatacentrum.eu\/de\/wp-json\/wp\/v2\/users\/3"}],"replies":[{"embeddable":true,"href":"https:\/\/bigdatacentrum.eu\/de\/wp-json\/wp\/v2\/comments?post=1224"}],"version-history":[{"count":8,"href":"https:\/\/bigdatacentrum.eu\/de\/wp-json\/wp\/v2\/pages\/1224\/revisions"}],"predecessor-version":[{"id":1382,"href":"https:\/\/bigdatacentrum.eu\/de\/wp-json\/wp\/v2\/pages\/1224\/revisions\/1382"}],"wp:attachment":[{"href":"https:\/\/bigdatacentrum.eu\/de\/wp-json\/wp\/v2\/media?parent=1224"}],"curies":[{"name":"wp","href":"https:\/\/api.w.org\/{rel}","templated":true}]}}